{"id":7,"date":"2009-11-09T14:23:47","date_gmt":"2009-11-09T13:23:47","guid":{"rendered":"http:\/\/www.fleuf.fr\/newyork\/?page_id=7"},"modified":"2012-07-16T07:50:20","modified_gmt":"2012-07-16T06:50:20","slug":"hebergement","status":"publish","type":"page","link":"https:\/\/www.fleuf.fr\/newyork\/?page_id=7","title":{"rendered":"H\u00e9bergement"},"content":{"rendered":"<p>Il faut savoir que l&rsquo;h\u00e9bergement \u00e0 New-York n&rsquo;est pas donn\u00e9, mieux vaut s&rsquo;y prendre le plus t\u00f4t possible afin d&rsquo;avoir le plus de choix possible. Il y a toujours les auberges de jeunesse qui restent abordables, ou sinon l&rsquo;h\u00e9bergement loin du centre permet d&rsquo;avoir des prix moins chers (mais ne pas oublier les temps de transports). Il est vivement conseill\u00e9 de r\u00e9server car les h\u00f4tels sont souvent pleins.<\/p>\n<p>Pour notre part, nous avons choisi de trouver quelque chose au centre de Manhattan, proche d&rsquo;un m\u00e9tro (\u00e7a c&rsquo;est pas difficile \u00e0 trouver) et o\u00f9 on peut faire quelques trucs \u00e0 pied depuis chez nous.<br \/>\nNous sommes pass\u00e9s par le site <a href=\"http:\/\/www.booking.com\/\">www.booking.com<\/a> et avons r\u00e9serv\u00e9 dans l&rsquo;h\u00f4tel <a href=\"http:\/\/www.korerealtyny.com\/\"><strong>Kore 31<\/strong><\/a>.<\/p>\n<p><em><strong>Situation<\/strong>:<br \/>\n138-140 East 31st Street, Midtown, NY 10016 Manhattan (New York)<\/em><\/p>\n<p><em><strong>Prix<\/strong>: 130 \u00e0 180\u20ac en fonction de la saison (nous \u00e9tions 3, dur de trouver des h\u00f4tels raisonnables pour 3)<\/em><\/p>\n<p><em><strong>Equipement<\/strong>: studio pour 3-4 personnes (je dirai plut\u00f4t 3, le canap\u00e9 n&rsquo;est pas immense pour dormir \u00e0 2 dessus)<br \/>\nKitchinette toute \u00e9quip\u00e9e, salle de bain avec baignoire.<br \/>\nPar rapport au descriptif donn\u00e9 par le site, il n&rsquo;y avait pas de s\u00e8che-cheveux.<\/em><\/p>\n<p><em><strong>Bon \u00e0 savoir<\/strong>: l&rsquo;accueil pour la remise des clefs ne se fait pas \u00e0 l&rsquo;h\u00f4tel mais \u00e0 l&rsquo;autre bout de la ville. Il n&rsquo;y a donc personne dans l&rsquo;h\u00f4tel.<br \/>\nDe plus, l&rsquo;immeuble est en cours de r\u00e9novation donc tr\u00e8s moyen, mais les chambres sont impeccables et fid\u00e8les aux photos<\/em><\/p>\n<p><img loading=\"lazy\" decoding=\"async\" class=\"alignnone\" src=\"http:\/\/static.booking.com\/images\/hotel\/max300\/172\/1720903.jpg\" alt=\"\" width=\"300\" height=\"197\" \/> <img loading=\"lazy\" decoding=\"async\" class=\"alignnone\" src=\"http:\/\/static.booking.com\/images\/hotel\/max300\/172\/1720905.jpg\" alt=\"\" width=\"300\" height=\"202\" \/> <img loading=\"lazy\" decoding=\"async\" class=\"alignnone\" src=\"http:\/\/static.booking.com\/images\/hotel\/max300\/172\/1720909.jpg\" alt=\"\" width=\"300\" height=\"197\" \/><\/p>\n<p>Nous sommes tr\u00e8s satisfaites de ce choix, nous avons bien appr\u00e9ci\u00e9 sa localisation (on peut aller \u00e0 pied \u00e0 l&rsquo;Empire State Building, \u00e0 Times Square, &#8230;)<\/p>\n<p>Je vous invite \u00e0 visiter un autre h\u00f4tel qu&rsquo;on nous avait conseill\u00e9, pour des porte-monnaies un peu plus serr\u00e9s: <strong>le Carlton Arms<\/strong> <a href=\"http:\/\/www.carltonarms.com\/\">http:\/\/www.carltonarms.com\/<\/a><br \/>\nOn nous a donn\u00e9 de bons avis dessus, un h\u00f4tel \u00ab\u00a0artistique\u00a0\u00bb !! Bien situ\u00e9 \u00e9galement, je crois qu&rsquo;on peut choisir sa chambre en fonction du d\u00e9cor de la chambre.<\/p>\n","protected":false},"excerpt":{"rendered":"<p>Il faut savoir que l&rsquo;h\u00e9bergement \u00e0 New-York n&rsquo;est pas donn\u00e9, mieux vaut s&rsquo;y prendre le plus t\u00f4t possible afin d&rsquo;avoir le plus de choix possible. Il y a toujours les auberges de jeunesse qui restent abordables, ou sinon l&rsquo;h\u00e9bergement loin du centre permet d&rsquo;avoir des prix moins chers (mais ne pas oublier les temps de [&hellip;]<\/p>\n","protected":false},"author":1,"featured_media":0,"parent":0,"menu_order":0,"comment_status":"closed","ping_status":"closed","template":"","meta":{"footnotes":""},"class_list":["post-7","page","type-page","status-publish","hentry"],"_links":{"self":[{"href":"https:\/\/www.fleuf.fr\/newyork\/index.php?rest_route=\/wp\/v2\/pages\/7","targetHints":{"allow":["GET"]}}],"collection":[{"href":"https:\/\/www.fleuf.fr\/newyork\/index.php?rest_route=\/wp\/v2\/pages"}],"about":[{"href":"https:\/\/www.fleuf.fr\/newyork\/index.php?rest_route=\/wp\/v2\/types\/page"}],"author":[{"embeddable":true,"href":"https:\/\/www.fleuf.fr\/newyork\/index.php?rest_route=\/wp\/v2\/users\/1"}],"replies":[{"embeddable":true,"href":"https:\/\/www.fleuf.fr\/newyork\/index.php?rest_route=%2Fwp%2Fv2%2Fcomments&post=7"}],"version-history":[{"count":9,"href":"https:\/\/www.fleuf.fr\/newyork\/index.php?rest_route=\/wp\/v2\/pages\/7\/revisions"}],"predecessor-version":[{"id":240,"href":"https:\/\/www.fleuf.fr\/newyork\/index.php?rest_route=\/wp\/v2\/pages\/7\/revisions\/240"}],"wp:attachment":[{"href":"https:\/\/www.fleuf.fr\/newyork\/index.php?rest_route=%2Fwp%2Fv2%2Fmedia&parent=7"}],"curies":[{"name":"wp","href":"https:\/\/api.w.org\/{rel}","templated":true}]}}