{"id":39,"date":"2009-11-14T19:21:06","date_gmt":"2009-11-14T18:21:06","guid":{"rendered":"http:\/\/www.fleuf.fr\/newyork\/?page_id=39"},"modified":"2012-07-16T07:50:21","modified_gmt":"2012-07-16T06:50:21","slug":"lieux-a-voir","status":"publish","type":"page","link":"https:\/\/www.fleuf.fr\/newyork\/?page_id=39","title":{"rendered":"Lieux \u00e0 voir"},"content":{"rendered":"<p><em>Mise \u00e0 jour des prix pour Empire State Building et Top of the Rock le 20\/01\/2011.<\/em><\/p>\n<p>Avant toute chose, je vais parler de ma propre exp\u00e9rience.\u00a0 On a surement loup\u00e9 des choses super int\u00e9ressantes, et on a surement aussi d\u00fb faire des choses qui peuvent paraitre ennuyeuses \u00e0 certains, et extra pour d&rsquo;autres.\u00a0 Les temps de visite peuvent \u00e9galement varier en fonction de \u00e7a.<\/p>\n<p>Voici donc pour moi les \u00ab\u00a0lieux clefs\u00a0\u00bb d&rsquo;un bon voyage \u00e0 New-York :<\/p>\n<ul>\n<li>\n<h2><strong> <span style=\"color: #003366;\">Times square<\/span><\/strong><span style=\"color: #003366;\"> :<\/span><\/h2>\n<p><em>Entre la 42\u00e8me rue et Broadway<\/em><em> A faire de jour ET de nuit<\/em><\/p>\n<div id=\"attachment_48\" style=\"width: 310px\" class=\"wp-caption alignleft\"><img loading=\"lazy\" decoding=\"async\" aria-describedby=\"caption-attachment-48\" class=\"size-medium wp-image-48\" style=\"margin: 5px;\" title=\"p1050029\" src=\"http:\/\/www.fleuf.fr\/newyork\/wp-content\/uploads\/2009\/11\/p1050029-300x225.jpg\" alt=\"Times square\" width=\"300\" height=\"225\" srcset=\"https:\/\/www.fleuf.fr\/newyork\/wp-content\/uploads\/2009\/11\/p1050029-300x225.jpg 300w, https:\/\/www.fleuf.fr\/newyork\/wp-content\/uploads\/2009\/11\/p1050029.jpg 600w\" sizes=\"auto, (max-width: 300px) 100vw, 300px\" \/><p id=\"caption-attachment-48\" class=\"wp-caption-text\">Times square<\/p><\/div>\n<p>C&rsquo;est \u00e9videmment un coin \u00e0 voir, surtout que depuis cet \u00e9t\u00e9 l&rsquo;avenue de Broadway a \u00e9t\u00e9 ferm\u00e9e \u00e0 la circulation.<br \/>\nA voir entre autres: M&amp;M&rsquo;s store<br \/>\nC&rsquo;est ici \u00e9galement que vous trouverez des places \u00e0 prix r\u00e9duit pour aller une com\u00e9die musicale, le jour m\u00eame. Place en vente \u00e0 partir de 10h pour les s\u00e9ances de 15h, et \u00e0 15h pour les s\u00e9ances du soir.<\/li>\n<\/ul>\n<ul>\n<li>\n<h2><span style=\"color: #003366;\"><strong>Central Park <\/strong>:<\/span><\/h2>\n<p>De jour uniquement, mais \u00e0 n&rsquo;importe quelle saison !<br \/>\n<em>Entre la 59\u00e8me et la 110\u00e8me rue<br \/>\n<\/em><\/p>\n<div id=\"attachment_50\" style=\"width: 310px\" class=\"wp-caption alignleft\"><img loading=\"lazy\" decoding=\"async\" aria-describedby=\"caption-attachment-50\" class=\"size-medium wp-image-50\" style=\"margin: 5px;\" title=\"new-york-20091102-501\" src=\"http:\/\/www.fleuf.fr\/newyork\/wp-content\/uploads\/2009\/11\/new-york-20091102-501-300x225.jpg\" alt=\"Central Park\" width=\"300\" height=\"225\" srcset=\"https:\/\/www.fleuf.fr\/newyork\/wp-content\/uploads\/2009\/11\/new-york-20091102-501-300x225.jpg 300w, https:\/\/www.fleuf.fr\/newyork\/wp-content\/uploads\/2009\/11\/new-york-20091102-501.jpg 600w\" sizes=\"auto, (max-width: 300px) 100vw, 300px\" \/><p id=\"caption-attachment-50\" class=\"wp-caption-text\">Central Park<\/p><\/div>\n<p>Parc\u00a0de 341 hectares, soit 4kms de long pour 800m de large environ. De belles balades en perspectives, tr\u00e8s anim\u00e9 l&rsquo;\u00e9t\u00e9, romantique \u00e0 souhait en automne.<br \/>\nFooting, jeux en plein air, patinage, zoo&#8230; y a de quoi faire, et y passer le temps que l&rsquo;on souhaite.<br \/>\nA son bord, on trouve quelques mus\u00e9es:<br \/>\n&#8211; <strong>MOMA<\/strong> : non visit\u00e9<br \/>\n&#8211;\u00a0<strong>Guggenheim musuem<\/strong>: mus\u00e9e d&rsquo;art, si on appr\u00e9cie moyen on peut au moins passer voir l&rsquo;architecture de son hall<br \/>\n&#8211; <strong>Mus\u00e9e des histoires naturelles<\/strong>:\u00a0\u00a0<em>entre la 81<sup class=\"exposant\">e<\/sup> rue et Central Park West<br \/>\n<\/em>Superbe mus\u00e9e de sciences naturelles, cultures et civilsations dans le monde, plan\u00e9tarium. Voir la page <a href=\"http:\/\/fr.wikipedia.org\/wiki\/American_Museum_of_Natural_History\">wikipedia <\/a>pour plus d&rsquo;explications sur les expositions, ou le <a href=\"http:\/\/www.amnh.org\/\">site officiel<\/a>.<\/li>\n<\/ul>\n<ul>\n<li>\n<h2><span style=\"color: #003366;\"><strong>Statue de la libert\u00e9 + Ellis Island<\/strong> :<\/span><\/h2>\n<p><em>Ferry \u00e0 Battery Park. Suivre le fl\u00e8chage. Y aller de bonne heure afin de ne pas trop faire la queue pour le ferry ben qu&rsquo;il y en ai un toutes les 20 minutes.<br \/>\nPr\u00e9voir une petite journ\u00e9e, inutile de s&rsquo;y rendre uniquement pour aller sur l&rsquo;\u00eele sans rentrer dans les mus\u00e9es.<br \/>\n20$ pour les 2 \u00eeles + audioguide en fran\u00e7ais (sans audioguide compter 12$)<br \/>\n<a href=\"http:\/\/www.statuecruises.com\/\">Site officiel<br \/>\n<\/a><\/em><br \/>\n<img loading=\"lazy\" decoding=\"async\" class=\"alignleft size-medium wp-image-57\" style=\"border: 2px solid grey; margin: 5px;\" title=\"p10505311\" src=\"http:\/\/www.fleuf.fr\/newyork\/wp-content\/uploads\/2009\/11\/p10505311-255x300.jpg\" alt=\"p10505311\" width=\"179\" height=\"210\" srcset=\"https:\/\/www.fleuf.fr\/newyork\/wp-content\/uploads\/2009\/11\/p10505311-255x300.jpg 255w, https:\/\/www.fleuf.fr\/newyork\/wp-content\/uploads\/2009\/11\/p10505311.jpg 450w\" sizes=\"auto, (max-width: 179px) 100vw, 179px\" \/>La statue peut se voir de loin avec par exemple le <a href=\"http:\/\/www.fleuf.fr\/newyork\/?page_id=13\"><strong>ferry de Staten Island<\/strong> <\/a>. Cependant le mus\u00e9e dans le pied de la statue est tr\u00e8s int\u00e9ressant. On y apprend par exemple que le jour de l&rsquo;inauguration en 1924, pour ce symbole de libert\u00e9 repr\u00e9sent\u00e9 par une femme, le site \u00e9tait totalement interdit pour les femmes !<br \/>\nVisite \u00e0 faire avec un audioguide, c&rsquo;est assez complet, et on peut monter jusqu&rsquo;aux pieds de la lady.<br \/>\nPour monter dans la couronne (avant sa r\u00e9novation), compter environ 4 mois de pr\u00e9-reservation sur le site officiel.Ellis Island, c&rsquo;est l&rsquo;\u00eele par laquelle arrivait des milliers d&rsquo;immigrants au d\u00e9but du si\u00e8cle. On y apprend le d\u00e9roulement des proc\u00e9dures d&rsquo;admission sur le sol Am\u00e9ricain. Tr\u00e8s int\u00e9ressant, tr\u00e8s complet.<br \/>\nCompter 3\/4h de visite avce l&rsquo;audioguide pour la visite g\u00e9n\u00e9rale.<br \/>\nPossibiliter d&rsquo;allonger la visite avec de nombreuses autres salles\/t\u00e9moignages<\/li>\n<li><strong> <\/strong>\n<div id=\"attachment_59\" style=\"width: 235px\" class=\"wp-caption alignleft\"><strong><strong><img loading=\"lazy\" decoding=\"async\" aria-describedby=\"caption-attachment-59\" class=\"size-full wp-image-59\" style=\"margin: 5px;\" title=\"p1050230\" src=\"http:\/\/www.fleuf.fr\/newyork\/wp-content\/uploads\/2009\/11\/p1050230.jpg\" alt=\"Repas dans un soul-food\" width=\"225\" height=\"216\" \/><\/strong><\/strong><p id=\"caption-attachment-59\" class=\"wp-caption-text\">Repas dans un soul-food<\/p><\/div>\n<h2><span style=\"color: #003366;\"><strong>Harlem<\/strong> :<\/span><\/h2>\n<p><em>Au nord de central ParkQuartier populaire r\u00e9put\u00e9 pour ses messes gospels.\u00a0 A faire le dimanche de pr\u00e9f\u00e9rence !<br \/>\nTr\u00e8s joli moment, un peu particulier aussi. On y va un peu pour le spectacle, mais les gens l\u00e0-bas le savent et nous accueillent \u00e0 bras ouverts !<br \/>\nIl y a les \u00e9glises \u00ab\u00a0connues\u00a0\u00bb, et celles un peu moins touristiques. Nous avons opt\u00e9 pour &#8230;<br \/>\nMesses \u00e0 9h ou \u00e0 11h g\u00e9n\u00e9ralement. Pour les \u00e9glises \u00ab\u00a0touristiques\u00a0\u00bb, pr\u00e9voir d&rsquo;arriver pas mal en avance.<\/em><\/p>\n<p><em> <\/em>Apr\u00e8s la messe, aller dans un restaurant de Soul-food en se baladant dans les rues de Harlem (pas du tout dangereux, en tous cas pas la juorn\u00e9e)<\/li>\n<li>\n<h2><img loading=\"lazy\" decoding=\"async\" class=\"size-medium wp-image-64 alignright\" style=\"border: 2px solid grey; margin: 5px;\" title=\"p1050579\" src=\"http:\/\/www.fleuf.fr\/newyork\/wp-content\/uploads\/2009\/11\/p1050579-224x300.jpg\" alt=\"p1050579\" width=\"224\" height=\"300\" srcset=\"https:\/\/www.fleuf.fr\/newyork\/wp-content\/uploads\/2009\/11\/p1050579-224x300.jpg 224w, https:\/\/www.fleuf.fr\/newyork\/wp-content\/uploads\/2009\/11\/p1050579.jpg 337w\" sizes=\"auto, (max-width: 224px) 100vw, 224px\" \/><span style=\"color: #003366;\"><strong>Brooklyn bridge<\/strong> :<\/span><\/h2>\n<p><em>Entre l&rsquo;\u00eele de Manhattan et le quartier de Brooklyn<\/em><br \/>\n<em>Afin d&rsquo;en profiter le maximum, prendre le m\u00e9tro A ou C jusqu&rsquo;\u00e0High St. On peut se balader dans le quartier DUMBO (Down Under the Manhattan Bridge Overpass), le long de l&rsquo;eau, entre le pont de Manhattan et celui de Brooklyn. Au coucher de soleil, prendre le pont de Brooklyn pour la vue splendide sur Manhattan.<\/em>Vieux de plus de 100 ans, il s&rsquo;agit d&rsquo;un des plus anciens ponts suspendus des Etats-Unis. Au coucher de soleil et de nuit, la vue sur Manhattan est superbe.<br \/>\nUne tr\u00e8s belle vue aussi, depuis les berges c\u00f4t\u00e9s Brooklyn, vue sur le pont avec en fond les hauts buildings de Manhattan.<\/li>\n<li>\n<h2><span style=\"color: #003366;\"><strong>Vue panoramique :<\/strong><\/span><\/h2>\n<p>(Top of the Rock ou Empire State Building)<\/p>\n<ul>\n<li>\n<h3><em><strong>Top of the Rock<\/strong>:<br \/>\n<\/em><\/h3>\n<p><em>entr\u00e9e sur 50th street West, entre 5\u00e8me et 6\u00e8me avenue.<\/em><\/p>\n<p><em> <\/em><em><a href=\"http:\/\/www.topoftherocknyc.com\">www.topoftherocknyc.com<\/a> &#8211; tous les jours 8h\/minuit &#8211; 22$ &#8211; R\u00e9servation conseill\u00e9e sur le site internet afin d&rsquo;\u00e9viter la queue.<\/em>Au 67\u00e8me \u00e9tage de la tour NBC, tr\u00e8s belle vue sur l&rsquo;Empire State Building, Central Park et lower ManhattanLe top: prendre des tickets pour la fin de journ\u00e9e et rester au sommet pour y admirer le coucher de soleil.<\/p>\n<p><div id=\"attachment_67\" style=\"width: 528px\" class=\"wp-caption aligncenter\"><img loading=\"lazy\" decoding=\"async\" aria-describedby=\"caption-attachment-67\" class=\"size-full wp-image-67\" title=\"stitched_007\" src=\"http:\/\/www.fleuf.fr\/newyork\/wp-content\/uploads\/2009\/11\/stitched_007.jpg\" alt=\"Du haut de Top of the Rock\" width=\"518\" height=\"254\" srcset=\"https:\/\/www.fleuf.fr\/newyork\/wp-content\/uploads\/2009\/11\/stitched_007.jpg 800w, https:\/\/www.fleuf.fr\/newyork\/wp-content\/uploads\/2009\/11\/stitched_007-300x146.jpg 300w\" sizes=\"auto, (max-width: 518px) 100vw, 518px\" \/><p id=\"caption-attachment-67\" class=\"wp-caption-text\">Du haut de Top of the Rock<\/p><\/div><\/li>\n<\/ul>\n<ul>\n<li>\n<h3><strong>Empire State Building<\/strong>:<\/h3>\n<p>5\u00e8me avenue, entre la 33\u00e8me et la 34\u00e8me rue<br \/>\n<em><a href=\"http:\/\/www.esbnyc.com\">www.esbnyc.com<\/a> &#8211; tous les jours 8h\/2h du maton &#8211; 19,29$ pour le 86\u00e8me \u00e9tage, 36$ pour monter au 102\u00e8me \u00e9tage.<\/em><br \/>\n<em>Attention, la queue peut \u00eatre tr\u00e8s longue \u00e0 certaines heures de la journ\u00e9e, en particuler en d\u00e9but de soir\u00e9e pour le coucher de soleil.<\/em><\/p>\n<p>L&rsquo;Empire State Building, c&rsquo;est l&rsquo;immeuble le plus haut actuellement de New-York. Le spectacle est vraiment extraordinaire \u00e0 toute heure de la journ\u00e9e !<\/li>\n<\/ul>\n<\/li>\n<li>\n<h2><span style=\"color: #003366;\"><strong>Un repas dans Chinatown<\/strong> :<\/span><em> <\/em><\/h2>\n<p><em>Y aller en fin de matin\u00e9e et rester pour manger<\/em><\/p>\n<div id=\"attachment_83\" style=\"width: 160px\" class=\"wp-caption alignright\"><img loading=\"lazy\" decoding=\"async\" aria-describedby=\"caption-attachment-83\" class=\"size-thumbnail wp-image-83\" title=\"p1050677\" src=\"http:\/\/www.fleuf.fr\/newyork\/wp-content\/uploads\/2009\/11\/p1050677-150x150.jpg\" alt=\"repas dans Chinatown\" width=\"150\" height=\"150\" \/><p id=\"caption-attachment-83\" class=\"wp-caption-text\">repas dans Chinatown<\/p><\/div>\n<p>Chinatown comme son nom l&rsquo;indique, c&rsquo;est le quartier chinois o\u00f9 les enseignes des boutiques sont toutes en chinois, o\u00f9 les vitrines des restaurants suspendent des canards laqu\u00e9s et o\u00f9 vous pourrez ne pas entendre parler anglais autour de vous.<br \/>\nLes restaurants sont vraiment bons march\u00e9s et on se remplit facilement la panse pour moins de 10$.<\/li>\n<li>\n<h2><span style=\"color: #003366;\"><strong>Ground Zero <\/strong>:<\/span><\/h2>\n<p><em>Pas plus de 2h, en profiter pour aller sur les berges pour admirer au loin la statue de la libert\u00e9. Puis rejoindre le quartier financer de <strong>Wall Street<\/strong> (en semaine, sinon c&rsquo;est mort) <\/em><br \/>\nIl faut y aller car c&rsquo;est un lieu historique et on peut ainsi comprendre (ou pas) pourquoi maintenant on nous fait enlever les chaussures pour passer la s\u00e9curit\u00e9 \u00e0 l&rsquo;a\u00e9roport ! :pInt\u00e9ressant \u00e0 voir donc, mais \u00e7a reste un gros chantier. Il y a un petit \u00ab\u00a0mus\u00e9e\u00a0\u00bb sur Vesey Street qui montre ce que seront les nouvelles infrastructures, int\u00e9ressant.<\/p>\n<div id=\"attachment_75\" style=\"width: 310px\" class=\"wp-caption aligncenter\"><img loading=\"lazy\" decoding=\"async\" aria-describedby=\"caption-attachment-75\" class=\"size-medium wp-image-75\" title=\"p1050116\" src=\"http:\/\/www.fleuf.fr\/newyork\/wp-content\/uploads\/2009\/11\/p1050116-300x225.jpg\" alt=\"Chantier de Ground Zero\" width=\"300\" height=\"225\" srcset=\"https:\/\/www.fleuf.fr\/newyork\/wp-content\/uploads\/2009\/11\/p1050116-300x225.jpg 300w, https:\/\/www.fleuf.fr\/newyork\/wp-content\/uploads\/2009\/11\/p1050116.jpg 400w\" sizes=\"auto, (max-width: 300px) 100vw, 300px\" \/><p id=\"caption-attachment-75\" class=\"wp-caption-text\">Chantier de Ground Zero<\/p><\/div>\n<p><div id=\"attachment_74\" style=\"width: 235px\" class=\"wp-caption aligncenter\"><img loading=\"lazy\" decoding=\"async\" aria-describedby=\"caption-attachment-74\" class=\"size-medium wp-image-74\" title=\"p1050129\" src=\"http:\/\/www.fleuf.fr\/newyork\/wp-content\/uploads\/2009\/11\/p1050129-225x300.jpg\" alt=\"Futures tours de Ground Zero\" width=\"225\" height=\"300\" srcset=\"https:\/\/www.fleuf.fr\/newyork\/wp-content\/uploads\/2009\/11\/p1050129-225x300.jpg 225w, https:\/\/www.fleuf.fr\/newyork\/wp-content\/uploads\/2009\/11\/p1050129.jpg 300w\" sizes=\"auto, (max-width: 225px) 100vw, 225px\" \/><p id=\"caption-attachment-74\" class=\"wp-caption-text\">Futures tours de Ground Zer<\/p><\/div><\/li>\n<li>\n<h2><span style=\"color: #003366;\"><strong>Promenade dans Greenwich village, Soho, Madison Square &#8230;.<\/strong><\/span><\/h2>\n<p><strong> <\/strong>Des vieux quartiers aux immeubles aux structures en fer, petits quartiers r\u00e9sidentiels bien mignons&#8230;<br \/>\nNew-York se visite \u00e0 pied, on fl\u00e2ne dans les rues, on en profite pour faire quelques magasins et on s&rsquo;arr\u00eate d\u00e9guster des caf\u00e9s dans l&rsquo;une des nombreuses enseignes de caf\u00e9s.<\/p>\n<div id=\"attachment_76\" style=\"width: 229px\" class=\"wp-caption alignleft\"><img loading=\"lazy\" decoding=\"async\" aria-describedby=\"caption-attachment-76\" class=\"size-medium wp-image-76\" title=\"p1050714\" src=\"http:\/\/www.fleuf.fr\/newyork\/wp-content\/uploads\/2009\/11\/p1050714-219x300.jpg\" alt=\"Flat building: le 1er building au monde\" width=\"219\" height=\"300\" srcset=\"https:\/\/www.fleuf.fr\/newyork\/wp-content\/uploads\/2009\/11\/p1050714-219x300.jpg 219w, https:\/\/www.fleuf.fr\/newyork\/wp-content\/uploads\/2009\/11\/p1050714.jpg 293w\" sizes=\"auto, (max-width: 219px) 100vw, 219px\" \/><br \/>\n<p id=\"caption-attachment-76\" class=\"wp-caption-text\">Flat building: le 1er building au monde<\/p><\/div>\n<div id=\"attachment_78\" style=\"width: 235px\" class=\"wp-caption alignleft\"><img loading=\"lazy\" decoding=\"async\" aria-describedby=\"caption-attachment-78\" class=\"size-medium wp-image-78\" title=\"p1050189\" src=\"http:\/\/www.fleuf.fr\/newyork\/wp-content\/uploads\/2009\/11\/p1050189-225x300.jpg\" alt=\"Greenwich village\" width=\"225\" height=\"300\" srcset=\"https:\/\/www.fleuf.fr\/newyork\/wp-content\/uploads\/2009\/11\/p1050189-225x300.jpg 225w, https:\/\/www.fleuf.fr\/newyork\/wp-content\/uploads\/2009\/11\/p1050189.jpg 300w\" sizes=\"auto, (max-width: 225px) 100vw, 225px\" \/><p id=\"caption-attachment-78\" class=\"wp-caption-text\">Greenwich village<\/p><\/div>\n<p><div id=\"attachment_77\" style=\"width: 310px\" class=\"wp-caption alignleft\"><img loading=\"lazy\" decoding=\"async\" aria-describedby=\"caption-attachment-77\" class=\"size-medium wp-image-77\" title=\"p1050140\" src=\"http:\/\/www.fleuf.fr\/newyork\/wp-content\/uploads\/2009\/11\/p1050140-300x225.jpg\" alt=\"Lescast-iron buildingd\" width=\"300\" height=\"225\" srcset=\"https:\/\/www.fleuf.fr\/newyork\/wp-content\/uploads\/2009\/11\/p1050140-300x225.jpg 300w, https:\/\/www.fleuf.fr\/newyork\/wp-content\/uploads\/2009\/11\/p1050140.jpg 400w\" sizes=\"auto, (max-width: 300px) 100vw, 300px\" \/><p id=\"caption-attachment-77\" class=\"wp-caption-text\">Les cast-iron building<\/p><\/div><\/li>\n<\/ul>\n","protected":false},"excerpt":{"rendered":"<p>Mise \u00e0 jour des prix pour Empire State Building et Top of the Rock le 20\/01\/2011. Avant toute chose, je vais parler de ma propre exp\u00e9rience.\u00a0 On a surement loup\u00e9 des choses super int\u00e9ressantes, et on a surement aussi d\u00fb faire des choses qui peuvent paraitre ennuyeuses \u00e0 certains, et extra pour d&rsquo;autres.\u00a0 Les temps [&hellip;]<\/p>\n","protected":false},"author":1,"featured_media":0,"parent":0,"menu_order":0,"comment_status":"closed","ping_status":"closed","template":"","meta":{"footnotes":""},"class_list":["post-39","page","type-page","status-publish","hentry"],"_links":{"self":[{"href":"https:\/\/www.fleuf.fr\/newyork\/index.php?rest_route=\/wp\/v2\/pages\/39","targetHints":{"allow":["GET"]}}],"collection":[{"href":"https:\/\/www.fleuf.fr\/newyork\/index.php?rest_route=\/wp\/v2\/pages"}],"about":[{"href":"https:\/\/www.fleuf.fr\/newyork\/index.php?rest_route=\/wp\/v2\/types\/page"}],"author":[{"embeddable":true,"href":"https:\/\/www.fleuf.fr\/newyork\/index.php?rest_route=\/wp\/v2\/users\/1"}],"replies":[{"embeddable":true,"href":"https:\/\/www.fleuf.fr\/newyork\/index.php?rest_route=%2Fwp%2Fv2%2Fcomments&post=39"}],"version-history":[{"count":35,"href":"https:\/\/www.fleuf.fr\/newyork\/index.php?rest_route=\/wp\/v2\/pages\/39\/revisions"}],"predecessor-version":[{"id":244,"href":"https:\/\/www.fleuf.fr\/newyork\/index.php?rest_route=\/wp\/v2\/pages\/39\/revisions\/244"}],"wp:attachment":[{"href":"https:\/\/www.fleuf.fr\/newyork\/index.php?rest_route=%2Fwp%2Fv2%2Fmedia&parent=39"}],"curies":[{"name":"wp","href":"https:\/\/api.w.org\/{rel}","templated":true}]}}