{"id":216,"date":"2009-11-30T12:38:48","date_gmt":"2009-11-30T11:38:48","guid":{"rendered":"http:\/\/www.fleuf.fr\/newyork\/?page_id=216"},"modified":"2012-07-16T07:50:20","modified_gmt":"2012-07-16T06:50:20","slug":"formalites-usa","status":"publish","type":"page","link":"https:\/\/www.fleuf.fr\/newyork\/?page_id=216","title":{"rendered":"Formalit\u00e9s USA"},"content":{"rendered":"<p><img decoding=\"async\" src=\"file:\/\/\/C:\/Users\/Xochitl\/AppData\/Local\/Temp\/moz-screenshot.png\" alt=\"\" \/><\/p>\n<p style=\"text-align: center;\"><span style=\"color: #ff0000;\"><strong>ATTENTION <\/strong>: depuis mi-2010, la demande d&rsquo;ESTA est devenue payante ! 14$ par demande, payable en ligne sur le site de <a href=\"https:\/\/esta.cbp.dhs.gov\/esta\/application.html?_flowExecutionKey=_c6063CF01-59FE-E885-7302-A4B6E11893D9_kC604F956-7155-B104-3F11-90A76AA7926A\" target=\"_blank\">l&rsquo;ESTA<\/a>.<\/span><\/p>\n<p>En ce qui concerne les formalit\u00e9s pour se rendre aux US, rien de compliqu\u00e9. Voici les formalit\u00e9s en cette fin d&rsquo;ann\u00e9e 2009:<\/p>\n<ul>\n<li>Avoir un passeport valable, c&rsquo;est \u00e0 dire un <strong>passeport biom\u00e9trique<\/strong>, ou <strong>\u00e9lectronique<\/strong>, ou un <strong>passeport individuel \u00e0 lecture optique<\/strong> en cours de validit\u00e9 et <span style=\"text-decoration: underline;\">\u00e9mis au plus tard le 25 octobre 2005<\/span>.<br \/>\nSinon il faudra demander un visa.<\/li>\n<\/ul>\n<p>Voici une illustration prise sur le site de l&rsquo;office du tourisme des Etats-unis pour illustrer le passeport:<\/p>\n<p style=\"text-align: center;\"><img loading=\"lazy\" decoding=\"async\" class=\"aligncenter size-large wp-image-218\" title=\"Passeports pour les USA\" src=\"http:\/\/www.fleuf.fr\/newyork\/wp-content\/uploads\/2009\/11\/sans-titre-1024x454.jpg\" alt=\"Passeports pour les USA\" width=\"590\" height=\"261\" srcset=\"https:\/\/www.fleuf.fr\/newyork\/wp-content\/uploads\/2009\/11\/sans-titre-1024x454.jpg 1024w, https:\/\/www.fleuf.fr\/newyork\/wp-content\/uploads\/2009\/11\/sans-titre-300x133.jpg 300w, https:\/\/www.fleuf.fr\/newyork\/wp-content\/uploads\/2009\/11\/sans-titre.jpg 1158w\" sizes=\"auto, (max-width: 590px) 100vw, 590px\" \/><\/p>\n<ul>\n<li>Faire une demande d&rsquo;autorisation ESTA\u00a0d&rsquo;entr\u00e9e sur le territoire. Cette formalit\u00e9 est obligatoire depuis janvier 2009, il s&rsquo;agit d&rsquo;un questionnaire qui est identique \u00e0 celui \u00e0 remplir dans l&rsquo;avion.\u00a0 Il est \u00e0 remplir sur le site suivant: <a href=\"https:\/\/esta.cbp.dhs.gov\/esta\">https:\/\/esta.cbp.dhs.gov\/esta <\/a><br \/>\nPas besoin d&rsquo;avoir le papier sur soit, mais faut l&rsquo;avoir remplit au moins 72h avant le d\u00e9collage.<\/li>\n<\/ul>\n<p><strong>Voici le site officiel qui r\u00e9sume ces formalit\u00e9s: <\/strong><a href=\"http:\/\/www.office-tourisme-usa.com\/formalites-etats-unis.php\"><strong>http:\/\/www.office-tourisme-usa.com\/formalites-etats-unis.php<\/strong><\/a><\/p>\n","protected":false},"excerpt":{"rendered":"<p>ATTENTION : depuis mi-2010, la demande d&rsquo;ESTA est devenue payante ! 14$ par demande, payable en ligne sur le site de l&rsquo;ESTA. En ce qui concerne les formalit\u00e9s pour se rendre aux US, rien de compliqu\u00e9. Voici les formalit\u00e9s en cette fin d&rsquo;ann\u00e9e 2009: Avoir un passeport valable, c&rsquo;est \u00e0 dire un passeport biom\u00e9trique, ou [&hellip;]<\/p>\n","protected":false},"author":1,"featured_media":0,"parent":0,"menu_order":0,"comment_status":"closed","ping_status":"closed","template":"","meta":{"footnotes":""},"class_list":["post-216","page","type-page","status-publish","hentry"],"_links":{"self":[{"href":"https:\/\/www.fleuf.fr\/newyork\/index.php?rest_route=\/wp\/v2\/pages\/216","targetHints":{"allow":["GET"]}}],"collection":[{"href":"https:\/\/www.fleuf.fr\/newyork\/index.php?rest_route=\/wp\/v2\/pages"}],"about":[{"href":"https:\/\/www.fleuf.fr\/newyork\/index.php?rest_route=\/wp\/v2\/types\/page"}],"author":[{"embeddable":true,"href":"https:\/\/www.fleuf.fr\/newyork\/index.php?rest_route=\/wp\/v2\/users\/1"}],"replies":[{"embeddable":true,"href":"https:\/\/www.fleuf.fr\/newyork\/index.php?rest_route=%2Fwp%2Fv2%2Fcomments&post=216"}],"version-history":[{"count":12,"href":"https:\/\/www.fleuf.fr\/newyork\/index.php?rest_route=\/wp\/v2\/pages\/216\/revisions"}],"predecessor-version":[{"id":239,"href":"https:\/\/www.fleuf.fr\/newyork\/index.php?rest_route=\/wp\/v2\/pages\/216\/revisions\/239"}],"wp:attachment":[{"href":"https:\/\/www.fleuf.fr\/newyork\/index.php?rest_route=%2Fwp%2Fv2%2Fmedia&parent=216"}],"curies":[{"name":"wp","href":"https:\/\/api.w.org\/{rel}","templated":true}]}}