{"id":202,"date":"2009-11-24T12:16:22","date_gmt":"2009-11-24T11:16:22","guid":{"rendered":"http:\/\/www.fleuf.fr\/newyork\/?page_id=202"},"modified":"2012-07-16T07:50:21","modified_gmt":"2012-07-16T06:50:21","slug":"les-musees","status":"publish","type":"page","link":"https:\/\/www.fleuf.fr\/newyork\/?page_id=202","title":{"rendered":"Les mus\u00e9es"},"content":{"rendered":"<p><em><span style=\"color: #ff0000;\"><span style=\"color: #000000;\">Derni\u00e8re mise \u00e0 jour 20\/01\/11 : prix d&rsquo;entr\u00e9e pour la statue de la libert\u00e9 et le mus\u00e9e des histoires naturelles<\/span><br \/>\n<\/span><\/em><\/p>\n<p>Je ne suis pas une grande fan des mus\u00e9es d&rsquo;art (go\u00fbt personnel), je pr\u00e9f\u00e8re les mus\u00e9es historiques par exemple, ou ceux sur les sciences.<br \/>\nVoici tout de m\u00eame une page sur les grands mus\u00e9es qui peuvent constituer une grande part des visites de New-York. J&rsquo;essaye de mettre les sites internet officiels pour la mise \u00e0 jour des prix et des expositions.<\/p>\n<h2><span style=\"color: #800000;\">Mus\u00e9e des histoires naturelles : American Museum of Natural History<\/span><\/h2>\n<p><a href=\"http:\/\/www.amnh.org\/\">http:\/\/www.amnh.org\/<\/a><\/p>\n<p><strong>Admission conseill\u00e9e<\/strong> : 16$ \/ 9$ pour les enfants jusqu&rsquo;\u00e0 12 ans<br \/>\n<strong>Horaires<\/strong> : tous les jours de\u00a010h00 \u00e0 17h45, sauf Thanksgiving et no\u00ebl<\/p>\n<p>C&rsquo;est un mus\u00e9e extraordinaire sur l&rsquo;\u00e9volution des esp\u00e8ces et des civilisations, o\u00f9 il faudrait consacrer plusieurs heures, voir plusieurs jours pour pouvoir tout voir ! 4 \u00e9tages au total, plan \u00e0 demander \u00e0 l&rsquo;accueil, ou interactif sur <a href=\"http:\/\/www.amnh.org\/exhibitions\/permanent\/flash.php?framenum=1\" target=\"_blank\">le site officiel<\/a>.<br \/>\nIl y a diff\u00e9rentes parties:<\/p>\n<ul>\n<li><em>anthropologie<\/em>: histoire des populations am\u00e9ricaines avec les mayas par exemple, les polyn\u00e9siens, les peuples de l&rsquo;Am\u00e9rique centrale, les indiens&#8230; ce sont beaucoup de repr\u00e9sentations de sc\u00e8nes, des explications faciles \u00e0 comprendre m\u00eame en anglais<\/li>\n<li><em>zoologie<\/em>: tr\u00e8s belles vitrines repr\u00e9sentants des animaux dans leur milieu naturel<\/li>\n<li><em>paleontologie<\/em> avec de magnifiques squelettes de dinosaures<\/li>\n<li>des <em>expositions temporaires<\/em>: <a href=\"http:\/\/www.amnh.org\/exhibitions\/\">http:\/\/www.amnh.org\/exhibitions\/<\/a><\/li>\n<li>des repr\u00e9sentations <em>Imax<\/em><\/li>\n<li>Le \u00ab\u00a0<em>rose center<\/em>\u00ab\u00a0, je n&rsquo;ai pas trop compris ce que c&rsquo;\u00e9tait par manque de temps, apparement c&rsquo;est\u00a0un plan\u00e9tarium\u00a0: <a href=\"http:\/\/www.amnh.org\/rose\/\">http:\/\/www.amnh.org\/rose\/<\/a><\/li>\n<\/ul>\n<p>Il y en a pour tous les \u00e2ges, compter au\u00a0minimum 3h.<\/p>\n<h2><span style=\"color: #800000;\">Mus\u00e9e de la statue de la libert\u00e9 : sur l&rsquo;\u00eele de la statue<\/span><\/h2>\n<p><span style=\"color: #800000;\"><span style=\"text-decoration: underline;\"><a href=\"http:\/\/www.statuecruises.com\/\"><strong>http:\/\/www.statuecruises.com\/<\/strong><\/a><br \/>\n<\/span><span style=\"color: #000000;\"><strong>Prix du ferry + mus\u00e9e<\/strong> : 13$ ou 21$ avec l&rsquo;audioguide.<br \/>\nPour l&rsquo;acc\u00e8s \u00e0 la couronne, r\u00e9server <span style=\"text-decoration: underline;\">au minimum 3 mois<\/span> \u00e0 l&rsquo;avance sur le site ci-dessus. Prix : 16$ ou 24$ avec l&rsquo;audioguide.<br \/>\n<strong>Horaires<\/strong>: <\/span><\/span><span style=\"color: #800000;\"><span style=\"color: #000000;\">9h \u00e0 17 heures tous les jours<br \/>\n<strong>Lieu de d\u00e9part<\/strong>: Battery Park, au sud de Manhattan<\/span><\/span><\/p>\n<p><span style=\"color: #800000;\"><span style=\"color: #000000;\"><em>Attention: depuis les attentats de 2001, il faut passer plusieurs fouilles: une premi\u00e8re avant de prendre le ferry, une deuxi\u00e8me avant d&rsquo;entrer dans la statue <span style=\"text-decoration: underline;\">(aucune\u00a0boisson tol\u00e9r\u00e9e,<\/span> oubliez la bouteille d&rsquo;eau de la journ\u00e9e!!) L&rsquo;attente peut donc alors \u00eatre assez longue.<\/em><\/span><\/span><\/p>\n<p>Pour reprendre ce que j&rsquo;ai d\u00fb dire sur une autre page, pour moi il n&rsquo;est pas utile de se rendre sur l&rsquo;\u00eele si vous ne voulez pas voir le mus\u00e9e.<br \/>\nLa statue on peut la voir tr\u00e8s bien ailleurs, et il n&rsquo;y a rien d&rsquo;autre sur l&rsquo;\u00eele (mis \u00e0 part 2 boutiques souvenirs et un resto qui devrait r\u00e9nover un peu ses toilettes et sa salle \u00e0 manger!)<br \/>\nPour profiter au mieux du mus\u00e9e, \u00e0 moins d&rsquo;\u00eatre bilingue, il faut prendre un audioguide quand vous achetez le billet pour le ferry.<\/p>\n<p>Le mus\u00e9e retrace toute l&rsquo;histoire de la statue, depuis les croquis de son constructeur au jour de son inauguration (inauguration interdite aux femmes, quel symbole de libert\u00e9 \u00e7a!!), en passant par les difficult\u00e9s techniques de construction.<br \/>\nQuelques publicit\u00e9s \u00e9galement montrant la statue dans diverses postures ventent\u00a0tel ou tel produit&#8230;<br \/>\nOn termine la visite en montant jusqu&rsquo;\u00e0 ses pies (ou plus haut pour ceux qui ont un acc\u00e8s pour la couronne), avec une belle vue sur Manhattan.<br \/>\nBref un r\u00e9el enrichissement sur ce grand symbole de libert\u00e9.<\/p>\n<h2><span style=\"color: #800000;\">Mus\u00e9e d&rsquo;Ellis Island<\/span><\/h2>\n<p><a href=\"http:\/\/www.ellisisland.com\/\">http:\/\/www.ellisisland.com\/<\/a><\/p>\n<p><em>Acc\u00e8s par le ferry apr\u00e8s l&rsquo;\u00eele de la statue de la libert\u00e9. M\u00eames horaires, prix inclus dans le billet de la statue de la libert\u00e9, pr\u00e9sence d&rsquo;un autre audioguide sur place pour faciliter la visite<\/em><\/p>\n<p>Ellis Island est un grand lieu historique de l&rsquo;immigration am\u00e9ricaine puisque ce f\u00fbt une des portes d&rsquo;entr\u00e9e pour les USA entre 18&#8230; et 1924.<br \/>\nC&rsquo;\u00e9tait en fait un lieu d&rsquo;examen m\u00e9dical et administratif servant de tri aux candidats de l&rsquo;immigration. Les arrivants commen\u00e7aient par un examen m\u00e9dical et pouvaient se voir mettre en quarantaine pour un ongle incarn\u00e9 ou une conjictivite. En g\u00e9n\u00e9ral on passait moins d&rsquo;une journ\u00e9e sur l&rsquo;\u00eele, mais \u00e7a pouvait s&rsquo;allonger en plusieurs semaines, quand on \u00e9tait pas refus\u00e9 et remis dans le bateau retour.<br \/>\nAu total, ce sont plus de 12 millions de personnes qui ont transit\u00e9 par Ellis Island, et il me semble qu&rsquo;environ un peu moins de\u00a05% des gens se revoyaient refus\u00e9s.<\/p>\n<p class=\"spip\">Pendant la 2nde guerre mondiale, l&rsquo;\u00eele \u00e9tait un centre de d\u00e9tention pour les ennemis am\u00e9ricains.<\/p>\n<p class=\"spip\">C&rsquo;est seulement en 1954 que le centre ferme d\u00e9finitivement ses portes, pour devenir un mus\u00e9e en 1990.<\/p>\n<p class=\"spip\">\n<p>Les grands mus\u00e9es que je ne connais pas :<\/p>\n<h2><span style=\"color: #800000;\">MOMA : The Museum of Modern Art<\/span><\/h2>\n<p><a href=\"http:\/\/www.moma.org\/\">http:\/\/www.moma.org\/<\/a><br \/>\nAdmission libre<\/p>\n<h2><span style=\"color: #800000;\">Guggenheim museum<\/span><\/h2>\n<p><a href=\"http:\/\/www.guggenheim.org\/\" target=\"_blank\">http:\/\/www.guggenheim.org\/<\/a><\/p>\n","protected":false},"excerpt":{"rendered":"<p>Derni\u00e8re mise \u00e0 jour 20\/01\/11 : prix d&rsquo;entr\u00e9e pour la statue de la libert\u00e9 et le mus\u00e9e des histoires naturelles Je ne suis pas une grande fan des mus\u00e9es d&rsquo;art (go\u00fbt personnel), je pr\u00e9f\u00e8re les mus\u00e9es historiques par exemple, ou ceux sur les sciences. Voici tout de m\u00eame une page sur les grands mus\u00e9es qui [&hellip;]<\/p>\n","protected":false},"author":1,"featured_media":0,"parent":0,"menu_order":0,"comment_status":"closed","ping_status":"closed","template":"","meta":{"footnotes":""},"class_list":["post-202","page","type-page","status-publish","hentry"],"_links":{"self":[{"href":"https:\/\/www.fleuf.fr\/newyork\/index.php?rest_route=\/wp\/v2\/pages\/202","targetHints":{"allow":["GET"]}}],"collection":[{"href":"https:\/\/www.fleuf.fr\/newyork\/index.php?rest_route=\/wp\/v2\/pages"}],"about":[{"href":"https:\/\/www.fleuf.fr\/newyork\/index.php?rest_route=\/wp\/v2\/types\/page"}],"author":[{"embeddable":true,"href":"https:\/\/www.fleuf.fr\/newyork\/index.php?rest_route=\/wp\/v2\/users\/1"}],"replies":[{"embeddable":true,"href":"https:\/\/www.fleuf.fr\/newyork\/index.php?rest_route=%2Fwp%2Fv2%2Fcomments&post=202"}],"version-history":[{"count":16,"href":"https:\/\/www.fleuf.fr\/newyork\/index.php?rest_route=\/wp\/v2\/pages\/202\/revisions"}],"predecessor-version":[{"id":242,"href":"https:\/\/www.fleuf.fr\/newyork\/index.php?rest_route=\/wp\/v2\/pages\/202\/revisions\/242"}],"wp:attachment":[{"href":"https:\/\/www.fleuf.fr\/newyork\/index.php?rest_route=%2Fwp%2Fv2%2Fmedia&parent=202"}],"curies":[{"name":"wp","href":"https:\/\/api.w.org\/{rel}","templated":true}]}}