{"id":175,"date":"2009-11-18T09:29:56","date_gmt":"2009-11-18T08:29:56","guid":{"rendered":"http:\/\/www.fleuf.fr\/newyork\/?page_id=175"},"modified":"2012-07-16T07:50:21","modified_gmt":"2012-07-16T06:50:21","slug":"quelques-adresses","status":"publish","type":"page","link":"https:\/\/www.fleuf.fr\/newyork\/?page_id=175","title":{"rendered":"Quelques adresses"},"content":{"rendered":"<p>Voici quelques adresses que nous avons pu tester dans la majorit\u00e9, ou qu&rsquo;on nous avait conseill\u00e9.<\/p>\n<h2>Restaurants :<\/h2>\n<p><img loading=\"lazy\" decoding=\"async\" class=\"alignleft size-thumbnail wp-image-176\" title=\"smalllogo_2\" src=\"http:\/\/www.fleuf.fr\/newyork\/wp-content\/uploads\/2009\/11\/smalllogo_2-150x143.jpg\" alt=\"smalllogo_2\" width=\"120\" height=\"114\" \/><strong><span style=\"color: #800000;\">Bubba Gump :<br \/>\n<\/span><\/strong><em>1501 Broadway<br \/>\nHours: Sun-Thur 11AM &#8211; Midnight<br \/>\nFri &amp; Sat 11AM &#8211; 1AM<br \/>\n<\/em><a href=\"http:\/\/www.bubbagump.com\/\">http:\/\/www.bubbagump.com\/<\/a><\/p>\n<p>Le restaurant de Forrest Gump: donc forc\u00e9ment, on y va pour manger&#8230; des crevettes !<br \/>\n<span style=\"text-decoration: underline;\">Le plus:<\/span> Syst\u00e8me super sympa, crevettes excellentes (pour celles qu&rsquo;on a go\u00fbt\u00e9es), convivial, tr\u00e8s belle d\u00e9co rappelant le film. Le restaurant est immense, \u00e7a fait ambiance am\u00e9ricaine<br \/>\n<span style=\"text-decoration: underline;\">Le moins<\/span>: ambiance am\u00e9ricaine&#8230; et touristique ! Mais \u00e7a ne nous a pas g\u00ean\u00e9 tant que \u00e7a, c&rsquo;\u00e9tait tr\u00e8s bon et service tr\u00e8s bon \u00e9galement<br \/>\n<span style=\"text-decoration: underline;\">Prix<\/span>: avec une entr\u00e9e pour 3, un plat chacune, la taxe et le pourboire, on a d\u00fb s&rsquo;en sortir pour <strong>30$ chacune<\/strong><\/p>\n<p><strong><span style=\"color: #800000;\"><img loading=\"lazy\" decoding=\"async\" class=\"alignleft size-medium wp-image-193\" style=\"margin: 5px;\" title=\"dscn1557\" src=\"http:\/\/www.fleuf.fr\/newyork\/wp-content\/uploads\/2009\/11\/dscn1557-225x300.jpg\" alt=\"dscn1557\" width=\"225\" height=\"300\" srcset=\"https:\/\/www.fleuf.fr\/newyork\/wp-content\/uploads\/2009\/11\/dscn1557-225x300.jpg 225w, https:\/\/www.fleuf.fr\/newyork\/wp-content\/uploads\/2009\/11\/dscn1557.jpg 300w\" sizes=\"auto, (max-width: 225px) 100vw, 225px\" \/>The View :<br \/>\n<\/span><\/strong><span style=\"color: #000000;\"><em>42nd street &#8211; Times Square<br \/>\nAu sommet de l&rsquo;h\u00f4tel Mariott<br \/>\n<a href=\"http:\/\/www.theviewnyc.com\/ \">http:\/\/www.theviewnyc.com\/ <\/a><br \/>\n<\/em><br \/>\n<\/span><span style=\"color: #000000;\">Il s&rsquo;agit d&rsquo;un restaurant &#8211; bar tournant, panoramique. 2 options :<br \/>\n&#8211; vrai repas assez chicos<br \/>\n&#8211; buffet \u00e0 volont\u00e9: c&rsquo;est ce qu&rsquo;on a fait<\/span><br \/>\n<strong><span style=\"color: #000000;\">Compter 18$ pour le buffet fromages&amp;desserts, 33$ pour le buffet complet (+ pourboire)<br \/>\n<\/span><\/strong><span style=\"color: #000000;\">Attention \u00e0 partir de 21h l&rsquo;entr\u00e9e est payante !<\/span><strong><span style=\"color: #000000;\"><br \/>\n<\/span><\/strong><\/p>\n<p><span style=\"color: #000000;\"><span style=\"text-decoration: underline;\">Le plus : <\/span>ambiance assez classe, vue panoramique (mais pas tant que \u00e7a quand m\u00eame), concept original, le cocktail \u00ab\u00a0Cosmopolitain\u00a0\u00bb!<br \/>\n<span style=\"text-decoration: underline;\">Le moins :<\/span> les serveurs tr\u00e8s longs \u00e0 r\u00e9agir et qui proposent 2 notes \u00e0 la fin: celle avec et celle sans pourboire. Sachant qu&rsquo;on a eu aucun service mis \u00e0 part le cocktail en ap\u00e9ro, les 20% de pourboire demand\u00e9 (g\u00e9n\u00e9ralement c&rsquo;est plut\u00f4t 15%) ont \u00e9t\u00e9 revus \u00e0 la baisse<br \/>\nCocktails assez chers (14$) mais pour une derni\u00e8re soir\u00e9e \u00e7a \u00e9t\u00e9 un vrai plaisir !<em><br \/>\n<\/em><\/span><\/p>\n<p><strong><span style=\"color: #800000;\"><img loading=\"lazy\" decoding=\"async\" class=\"alignright size-medium wp-image-194\" style=\"margin: 5px;\" title=\"p10506771\" src=\"http:\/\/www.fleuf.fr\/newyork\/wp-content\/uploads\/2009\/11\/p10506771-300x225.jpg\" alt=\"p10506771\" width=\"300\" height=\"225\" srcset=\"https:\/\/www.fleuf.fr\/newyork\/wp-content\/uploads\/2009\/11\/p10506771-300x225.jpg 300w, https:\/\/www.fleuf.fr\/newyork\/wp-content\/uploads\/2009\/11\/p10506771.jpg 400w\" sizes=\"auto, (max-width: 300px) 100vw, 300px\" \/>Big Wong : restaurant chinois<br \/>\n<\/span><\/strong><span style=\"color: #000000;\"><em>67 Mott Street, entre Walker et Bayard Street<br \/>\n<strong>Plats entre 5 et 10$<br \/>\n<\/strong><\/em><\/span><\/p>\n<p><span style=\"color: #000000;\">Un restaurant dans Chinatown, grande cantine populaire toujours pleine. \u00c9norm\u00e9ment de choix de soupes, p\u00e2tes, viandes&#8230;<br \/>\nUn plat est largement suffisant, il est coutume de commander 1 ou 2 plats et de les partager. Nous avons pris une soupe et un plat chacune, c&rsquo;\u00e9tait vraiment trop, pourtant je suis grande mangeuse !<\/span><strong><span style=\"color: #800000;\"><span style=\"color: #000000;\">!<br \/>\n<\/span><\/span><\/strong><span style=\"color: #800000;\"><span style=\"color: #000000;\">Th\u00e9 \u00e0 volont\u00e9 en accompagnement du repas<br \/>\n<\/span><\/span><\/p>\n<p><span style=\"color: #800000;\"><span style=\"color: #000000;\"><span style=\"text-decoration: underline;\">Le plus<\/span> : nourriture chinoise vraiment excellente<br \/>\n<span style=\"text-decoration: underline;\">Le moins<\/span> :<\/span><\/span><span style=\"color: #800000;\"><span style=\"color: #000000;\"> trop de choix sur la carte?!<\/span><\/span><strong><span style=\"color: #800000;\"><span style=\"color: #000000;\"><br \/>\n<\/span><\/span><\/strong><\/p>\n<p><strong><span style=\"color: #800000;\"><img loading=\"lazy\" decoding=\"async\" class=\"alignleft size-medium wp-image-198\" style=\"margin: 5px;\" title=\"p1050470\" src=\"http:\/\/www.fleuf.fr\/newyork\/wp-content\/uploads\/2009\/11\/p1050470-300x225.jpg\" alt=\"p1050470\" width=\"300\" height=\"225\" srcset=\"https:\/\/www.fleuf.fr\/newyork\/wp-content\/uploads\/2009\/11\/p1050470-300x225.jpg 300w, https:\/\/www.fleuf.fr\/newyork\/wp-content\/uploads\/2009\/11\/p1050470.jpg 400w\" sizes=\"auto, (max-width: 300px) 100vw, 300px\" \/>Heart Land Brewery <\/span><\/strong>:<br \/>\n<em>Il s&rsquo;agit du restaurant en bas \u00e0 droite de l&rsquo;entr\u00e9e de l&rsquo;Empire State Building. Le resto fait un angle de rues.<\/em><br \/>\n<a href=\"http:\/\/www.heartlandbrewery.com\/Empire_State.php\">http:\/\/www.heartlandbrewery.com\/Empire_State.php<\/a><\/p>\n<p><strong>Compter 40$ pour ap\u00e9ro, plat, dessert et pourboire<\/strong><\/p>\n<p>Bar resto bien sympa, de bons cocktails de bi\u00e8res.<br \/>\nIl y a 2 salles, celle du haut fait moins cantine et la luminosit\u00e9e un peu feutr\u00e9e donne une atmosph\u00e8re bien sympa.<br \/>\nHamburgers supers bons, dans les prix moyens qu&rsquo;on trouve dans ce genre de resto. On s&rsquo;est r\u00e9gal\u00e9s !<\/p>\n<p><span style=\"color: #800000;\"><span style=\"color: #000000;\"><span style=\"text-decoration: underline;\">Le plus<\/span> : ambiance sympa resto\/pub, tr\u00e8s bons burgers, tr\u00e8s bonne bi\u00e8re !<span style=\"text-decoration: underline;\"><br \/>\n<\/span><br \/>\n<\/span><\/span><\/p>\n<p><span style=\"color: #800000;\"><strong><img loading=\"lazy\" decoding=\"async\" class=\"alignleft size-medium wp-image-195\" style=\"margin: 5px;\" title=\"p1050735\" src=\"http:\/\/www.fleuf.fr\/newyork\/wp-content\/uploads\/2009\/11\/p1050735-300x225.jpg\" alt=\"p1050735\" width=\"300\" height=\"225\" srcset=\"https:\/\/www.fleuf.fr\/newyork\/wp-content\/uploads\/2009\/11\/p1050735-300x225.jpg 300w, https:\/\/www.fleuf.fr\/newyork\/wp-content\/uploads\/2009\/11\/p1050735.jpg 400w\" sizes=\"auto, (max-width: 300px) 100vw, 300px\" \/>Eating<\/strong><\/span>:<br \/>\n<em>798Ninth avenue, vers la 53th street<\/em><\/p>\n<p>Petit resto de hamburgers classique, avec des burgers pas mal du tout, budget moyen. Compter entre 8 et 10$ le plat avec le burger<\/p>\n<p><strong><span style=\"color: #800000;\"><img loading=\"lazy\" decoding=\"async\" class=\"alignright size-medium wp-image-197\" style=\"margin: 5px;\" title=\"p1050622\" src=\"http:\/\/www.fleuf.fr\/newyork\/wp-content\/uploads\/2009\/11\/p1050622-300x225.jpg\" alt=\"p1050622\" width=\"300\" height=\"225\" srcset=\"https:\/\/www.fleuf.fr\/newyork\/wp-content\/uploads\/2009\/11\/p1050622-300x225.jpg 300w, https:\/\/www.fleuf.fr\/newyork\/wp-content\/uploads\/2009\/11\/p1050622.jpg 400w\" sizes=\"auto, (max-width: 300px) 100vw, 300px\" \/>Lombardys Pizza :<br \/>\n<\/span><\/strong><em>32 Spring St (entre Mott et Mulberry St)<\/em><br \/>\n<strong>A partir de 16$ la pizza<\/strong><\/p>\n<p>Il s&rsquo;agit de la toute premi\u00e8re pizzeria de New-York ! D\u00e9co traditionnelle avec la nappe \u00e0 carreaux, ambiance assez chaleureuse.<br \/>\nOn compose sa pizza soit m\u00eame: apr\u00e8s avoir choisi la taille (6 ou 8 parts), on ajoute les ingr\u00e9dients qu&rsquo;on sohaite sur une base pr\u00e9-existente. On paye en fonction du nombre d&rsquo;ingr\u00e9dients rajout\u00e9s.<br \/>\nIl y a aussi 2 ou 3 pizzas seulement d\u00e9j\u00e0 fournies.<\/p>\n<p><span style=\"text-decoration: underline;\">Le plus <\/span>: La convivialit\u00e9: on prend une pizza pour 2 ou 3 qu&rsquo;on partage. Et excellente pizza !!<br \/>\n<span style=\"text-decoration: underline;\">Le moins<\/span> : le prix, pour une pizza c&rsquo;est tout de m\u00eame pas donn\u00e9 quand on connait le prix de revient. Mais bon, on est dans la 1\u00e8re pizzeria de NY !<\/p>\n<p><strong><span style=\"color: #800000;\">Starbucks<\/span><\/strong>: pour un bon caf\u00e9 !<\/p>\n<p><strong><span style=\"color: #800000;\">Guy &amp; Gallard<\/span><\/strong>\u00a0: Nos petits d\u00e9j excellents !!<br \/>\nVraiment excellent, on prenait toujours 2 plats par gourmandise, \u00e7a nous revenait au total entre 10 et 18$ pourboire compris (Boisson chaude + jus frais press\u00e9 + buggle + autre plat tel muffin, omelette, pain perdu brioch\u00e9&#8230;<br \/>\nUn peu cher pour un petit d\u00e9j peut-\u00eatre, mais on tenait jusqu&rsquo;\u00e0 la fin d&rsquo;apr\u00e8s-midi avec \u00e7a dans l&rsquo;estomac !<\/p>\n<p><img loading=\"lazy\" decoding=\"async\" class=\"aligncenter size-medium wp-image-196\" title=\"p1040276\" src=\"http:\/\/www.fleuf.fr\/newyork\/wp-content\/uploads\/2009\/11\/p1040276-300x225.jpg\" alt=\"p1040276\" width=\"300\" height=\"225\" srcset=\"https:\/\/www.fleuf.fr\/newyork\/wp-content\/uploads\/2009\/11\/p1040276-300x225.jpg 300w, https:\/\/www.fleuf.fr\/newyork\/wp-content\/uploads\/2009\/11\/p1040276.jpg 400w\" sizes=\"auto, (max-width: 300px) 100vw, 300px\" \/><\/p>\n<h2>Concert jazz :<\/h2>\n<p>Non test\u00e9 par manque de temps le soir ou d&rsquo;envie par d&rsquo;autres, mais vivement conseill\u00e9:<\/p>\n<p><span style=\"color: #800000;\"><span style=\"color: #800000;\"><strong>Colombus Circle &#8211; Dizzys Club<\/strong><\/span><\/span><em><br \/>\nEntre Broadway et 60\u00e8me rue, dans un ensemble en verre. <\/em><\/p>\n<p>Tr\u00e8s bons spectacles de jazz<\/p>\n<p><span style=\"color: #800000;\"><strong>Swing 46<br \/>\n<\/strong><\/span><em>349W 46th street, entre 8th et 9th avenue<\/em><\/p>\n<p>Il s&rsquo;agit d&rsquo;un resto-jazz assez sympa. Avant 19h30 compter 25$, et 12$ pour la salle de jazz uniquement<\/p>\n<h2>Divers :<\/h2>\n<p>Nous aimons bien faire du scrapbooking, et nous avions cherch\u00e9 plusieurs adresses dans New York. Nous avons retenu et rendu visite \u00e0 Peper Presentation<br \/>\nPeper Presentation<br \/>\n23 W 18th Street<br \/>\nIl s&rsquo;agit d&rsquo;une grande papeterie avec un bon rayon de scrap. Les feuilles sont \u00e0 peu pr\u00e8s au m\u00eame prix qu&rsquo;en France. Int\u00e9ressant pour tous les sticker sur tout et n&rsquo;importe quois, alphabets, tampons<br \/>\nUn peu moins cher qu&rsquo;en France, mais pas tant que \u00e7a. Ne pas oublier que les taxes ne sont pas comprises dans les prix indiqu\u00e9s !<\/p>\n","protected":false},"excerpt":{"rendered":"<p>Voici quelques adresses que nous avons pu tester dans la majorit\u00e9, ou qu&rsquo;on nous avait conseill\u00e9. Restaurants : Bubba Gump : 1501 Broadway Hours: Sun-Thur 11AM &#8211; Midnight Fri &amp; Sat 11AM &#8211; 1AM http:\/\/www.bubbagump.com\/ Le restaurant de Forrest Gump: donc forc\u00e9ment, on y va pour manger&#8230; des crevettes ! Le plus: Syst\u00e8me super sympa, [&hellip;]<\/p>\n","protected":false},"author":1,"featured_media":0,"parent":0,"menu_order":0,"comment_status":"closed","ping_status":"closed","template":"","meta":{"footnotes":""},"class_list":["post-175","page","type-page","status-publish","hentry"],"_links":{"self":[{"href":"https:\/\/www.fleuf.fr\/newyork\/index.php?rest_route=\/wp\/v2\/pages\/175","targetHints":{"allow":["GET"]}}],"collection":[{"href":"https:\/\/www.fleuf.fr\/newyork\/index.php?rest_route=\/wp\/v2\/pages"}],"about":[{"href":"https:\/\/www.fleuf.fr\/newyork\/index.php?rest_route=\/wp\/v2\/types\/page"}],"author":[{"embeddable":true,"href":"https:\/\/www.fleuf.fr\/newyork\/index.php?rest_route=\/wp\/v2\/users\/1"}],"replies":[{"embeddable":true,"href":"https:\/\/www.fleuf.fr\/newyork\/index.php?rest_route=%2Fwp%2Fv2%2Fcomments&post=175"}],"version-history":[{"count":12,"href":"https:\/\/www.fleuf.fr\/newyork\/index.php?rest_route=\/wp\/v2\/pages\/175\/revisions"}],"predecessor-version":[{"id":246,"href":"https:\/\/www.fleuf.fr\/newyork\/index.php?rest_route=\/wp\/v2\/pages\/175\/revisions\/246"}],"wp:attachment":[{"href":"https:\/\/www.fleuf.fr\/newyork\/index.php?rest_route=%2Fwp%2Fv2%2Fmedia&parent=175"}],"curies":[{"name":"wp","href":"https:\/\/api.w.org\/{rel}","templated":true}]}}