{"id":17,"date":"2009-11-14T19:18:23","date_gmt":"2009-11-14T18:18:23","guid":{"rendered":"http:\/\/www.fleuf.fr\/newyork\/?page_id=17"},"modified":"2012-07-16T07:50:20","modified_gmt":"2012-07-16T06:50:20","slug":"itineraire","status":"publish","type":"page","link":"https:\/\/www.fleuf.fr\/newyork\/?page_id=17","title":{"rendered":"Itin\u00e9raire"},"content":{"rendered":"<p>Nous sommes partis 7 jours, et c&rsquo;est le temps id\u00e9al pour bien profiter de la ville, en voyant pas mal de choses sans trop se presser non plus.<\/p>\n<p>Voici notre parcours. Cependant il peut \u00eatre fait en 5-6 jours car nous \u00e9tions dans une p\u00e9riode particuli\u00e8re (Halloween + marathon de New-York), donc nous avons fait des \u00ab\u00a0extras\u00a0\u00bb pour ces \u00e9v\u00e9nements.<br \/>\nPour plus de d\u00e9tails, se reporter \u00e0 la page \u00ab\u00a0Lieux \u00e0 voir\u00a0\u00bb.<\/p>\n<div id=\"attachment_87\" style=\"width: 310px\" class=\"wp-caption alignright\"><img loading=\"lazy\" decoding=\"async\" aria-describedby=\"caption-attachment-87\" class=\"size-medium wp-image-87\" title=\"p1050071\" src=\"http:\/\/www.fleuf.fr\/newyork\/wp-content\/uploads\/2009\/11\/p1050071-300x225.jpg\" alt=\"p1050071\" width=\"300\" height=\"225\" srcset=\"https:\/\/www.fleuf.fr\/newyork\/wp-content\/uploads\/2009\/11\/p1050071-300x225.jpg 300w, https:\/\/www.fleuf.fr\/newyork\/wp-content\/uploads\/2009\/11\/p1050071.jpg 400w\" sizes=\"auto, (max-width: 300px) 100vw, 300px\" \/><p id=\"caption-attachment-87\" class=\"wp-caption-text\">Bubba Gump restaurant<\/p><\/div>\n<p><strong>JOUR 1 <\/strong>: <em>Arriv\u00e9e en milieu d&rsquo;apr\u00e8s-midi<\/em><br \/>\n&#8211; Times square (il fallait bien qu&rsquo;on voit \u00e7a pour commencer !) + magasin M&amp;M&rsquo;s<br \/>\n&#8211; Restaurant Bubba Gump (le resto de Forest Gump !)<\/p>\n<p><strong>JOUR 2 <\/strong>: <strong><em>journ\u00e9e Halloween<\/em><\/strong><br \/>\n&#8211; petit tour dans la pointe sud de Manhattan afin d&rsquo;aller voir \u00ab\u00a0miss liberty\u00a0\u00bb, la statue de la libert\u00e9<br \/>\n&#8211; Ground Z\u00e9ro<br \/>\n&#8211; Wall street avec une mini annimation halloween pour les enfants<br \/>\n&#8211; Parc &#8230;<br \/>\n&#8211; D\u00e9fil\u00e9 d&rsquo;Halloween<\/p>\n<p><strong><\/strong><\/p>\n<div id=\"attachment_88\" style=\"width: 310px\" class=\"wp-caption alignright\"><strong><strong><img loading=\"lazy\" decoding=\"async\" aria-describedby=\"caption-attachment-88\" class=\"size-medium wp-image-88\" title=\"p1050200\" src=\"http:\/\/www.fleuf.fr\/newyork\/wp-content\/uploads\/2009\/11\/p1050200-300x225.jpg\" alt=\"Habitant tr\u00e8s r\u00e9pendu dans les parc New yorkais\" width=\"300\" height=\"225\" srcset=\"https:\/\/www.fleuf.fr\/newyork\/wp-content\/uploads\/2009\/11\/p1050200-300x225.jpg 300w, https:\/\/www.fleuf.fr\/newyork\/wp-content\/uploads\/2009\/11\/p1050200.jpg 400w\" sizes=\"auto, (max-width: 300px) 100vw, 300px\" \/><\/strong><\/strong><p id=\"caption-attachment-88\" class=\"wp-caption-text\">Habitant tr\u00e8s r\u00e9pendu dans les parc New yorkais<\/p><\/div>\n<p><strong>JOUR 3 <\/strong>: <em><strong>Harlem et central Park<\/strong><br \/>\n<\/em>&#8211; Messe gospel \u00e0 Harlem. Faut le faire !<br \/>\n&#8211; Promenade dans Harlem<br \/>\n&#8211; Encouragement du marathon dans central Park<br \/>\n&#8211; Mont\u00e9e et coucher de soleil au sommet de \u00ab\u00a0Top of the rock\u00a0\u00bb<\/p>\n<p><strong>JOUR 4<\/strong>: <em><strong>Central Park<\/strong><\/em><br \/>\n&#8211; Promenade dans Central Park, passage par le hall du Gugenheim Museum<br \/>\n&#8211; Mus\u00e9e des histoires naturelles, le plus grand au monde (le mus\u00e9e de Ross dans Friends!)<br \/>\n&#8211; Magasinage (Apple, Fao Schwartz)<\/p>\n<p><strong><\/strong><\/p>\n<div id=\"attachment_90\" style=\"width: 310px\" class=\"wp-caption alignright\"><strong><strong><img loading=\"lazy\" decoding=\"async\" aria-describedby=\"caption-attachment-90\" class=\"size-medium wp-image-90\" title=\"p1050523\" src=\"http:\/\/www.fleuf.fr\/newyork\/wp-content\/uploads\/2009\/11\/p1050523-300x225.jpg\" alt=\"Dessous la &quot;Green lady&quot;\" width=\"300\" height=\"225\" srcset=\"https:\/\/www.fleuf.fr\/newyork\/wp-content\/uploads\/2009\/11\/p1050523-300x225.jpg 300w, https:\/\/www.fleuf.fr\/newyork\/wp-content\/uploads\/2009\/11\/p1050523.jpg 400w\" sizes=\"auto, (max-width: 300px) 100vw, 300px\" \/><\/strong><\/strong><p id=\"caption-attachment-90\" class=\"wp-caption-text\">Dessous la &quot;Green lady&quot;<\/p><\/div>\n<p><strong>JOUR 5<\/strong> : <em><strong>Ellis Island et statue de la libert\u00e9<\/strong><\/em><br \/>\n&#8211; Ferry pour la statue de la libert\u00e9. Visite du mus\u00e9e de la statue<br \/>\n&#8211; Ferry pour Ellis Island, visite du mus\u00e9e de l&rsquo;immigration<br \/>\n&#8211; Brooklyn Bridge<\/p>\n<p><strong>JOUR 6<\/strong> : <strong><em>Chinatown et quartier de Times square<\/em><br \/>\n<\/strong>&#8211;\u00a0Promenade \u00e0 pied entre l&rsquo;Empire State Building, Times Square et Grand Station<br \/>\n&#8211; Chinatown<br \/>\n&#8211; Quartier de Wall-street: la bourse, \u00e9glise de la Trinit\u00e9<br \/>\n&#8211; Union Square<\/p>\n<p><strong><\/strong><\/p>\n<div id=\"attachment_92\" style=\"width: 310px\" class=\"wp-caption alignright\"><strong><strong><img loading=\"lazy\" decoding=\"async\" aria-describedby=\"caption-attachment-92\" class=\"size-medium wp-image-92\" title=\"p1050805\" src=\"http:\/\/www.fleuf.fr\/newyork\/wp-content\/uploads\/2009\/11\/p1050805-300x222.jpg\" alt=\"Station de m\u00e9tro\" width=\"300\" height=\"222\" srcset=\"https:\/\/www.fleuf.fr\/newyork\/wp-content\/uploads\/2009\/11\/p1050805-300x222.jpg 300w, https:\/\/www.fleuf.fr\/newyork\/wp-content\/uploads\/2009\/11\/p1050805.jpg 400w\" sizes=\"auto, (max-width: 300px) 100vw, 300px\" \/><\/strong><\/strong><p id=\"caption-attachment-92\" class=\"wp-caption-text\">Station de m\u00e9tro<\/p><\/div>\n<p><strong>JOUR 7<\/strong> : <em><strong>Balade<\/strong><br \/>\n<\/em>&#8211; Times Square (pour ne pas acheter de place pour une com\u00e9die musicale)<br \/>\n&#8211; Balade dans Greenwich village<br \/>\n&#8211; Ferry Staten Island pour coucher de soleil sur la statue de la libert\u00e9 et Manhattan<\/p>\n<p><strong>JOUR8<\/strong> : derniers achats et d\u00e9part pour l&rsquo;a\u00e9roport<\/p>\n<div id=\"attachment_85\" style=\"width: 550px\" class=\"wp-caption aligncenter\"><img loading=\"lazy\" decoding=\"async\" aria-describedby=\"caption-attachment-85\" class=\"size-full wp-image-85\" title=\"stitched_011\" src=\"http:\/\/www.fleuf.fr\/newyork\/wp-content\/uploads\/2009\/11\/stitched_011.jpg\" alt=\"Central Park\" width=\"540\" height=\"237\" srcset=\"https:\/\/www.fleuf.fr\/newyork\/wp-content\/uploads\/2009\/11\/stitched_011.jpg 600w, https:\/\/www.fleuf.fr\/newyork\/wp-content\/uploads\/2009\/11\/stitched_011-300x131.jpg 300w\" sizes=\"auto, (max-width: 540px) 100vw, 540px\" \/><p id=\"caption-attachment-85\" class=\"wp-caption-text\">Central Park<\/p><\/div>\n","protected":false},"excerpt":{"rendered":"<p>Nous sommes partis 7 jours, et c&rsquo;est le temps id\u00e9al pour bien profiter de la ville, en voyant pas mal de choses sans trop se presser non plus. Voici notre parcours. Cependant il peut \u00eatre fait en 5-6 jours car nous \u00e9tions dans une p\u00e9riode particuli\u00e8re (Halloween + marathon de New-York), donc nous avons fait [&hellip;]<\/p>\n","protected":false},"author":1,"featured_media":0,"parent":0,"menu_order":0,"comment_status":"closed","ping_status":"closed","template":"","meta":{"footnotes":""},"class_list":["post-17","page","type-page","status-publish","hentry"],"_links":{"self":[{"href":"https:\/\/www.fleuf.fr\/newyork\/index.php?rest_route=\/wp\/v2\/pages\/17","targetHints":{"allow":["GET"]}}],"collection":[{"href":"https:\/\/www.fleuf.fr\/newyork\/index.php?rest_route=\/wp\/v2\/pages"}],"about":[{"href":"https:\/\/www.fleuf.fr\/newyork\/index.php?rest_route=\/wp\/v2\/types\/page"}],"author":[{"embeddable":true,"href":"https:\/\/www.fleuf.fr\/newyork\/index.php?rest_route=\/wp\/v2\/users\/1"}],"replies":[{"embeddable":true,"href":"https:\/\/www.fleuf.fr\/newyork\/index.php?rest_route=%2Fwp%2Fv2%2Fcomments&post=17"}],"version-history":[{"count":16,"href":"https:\/\/www.fleuf.fr\/newyork\/index.php?rest_route=\/wp\/v2\/pages\/17\/revisions"}],"predecessor-version":[{"id":241,"href":"https:\/\/www.fleuf.fr\/newyork\/index.php?rest_route=\/wp\/v2\/pages\/17\/revisions\/241"}],"wp:attachment":[{"href":"https:\/\/www.fleuf.fr\/newyork\/index.php?rest_route=%2Fwp%2Fv2%2Fmedia&parent=17"}],"curies":[{"name":"wp","href":"https:\/\/api.w.org\/{rel}","templated":true}]}}