{"id":13,"date":"2009-11-09T16:07:24","date_gmt":"2009-11-09T15:07:24","guid":{"rendered":"http:\/\/www.fleuf.fr\/newyork\/?page_id=13"},"modified":"2012-07-16T07:50:21","modified_gmt":"2012-07-16T06:50:21","slug":"les-transports","status":"publish","type":"page","link":"https:\/\/www.fleuf.fr\/newyork\/?page_id=13","title":{"rendered":"Les transports"},"content":{"rendered":"<ul>\n<li><strong>Arriver \u00e0 l&rsquo;a\u00e9roport JFK de New-York :<\/strong><\/li>\n<\/ul>\n<p>Il existe plusieurs possibilit\u00e9s pour rejoindre Manhattan, \u00e0 diff\u00e9rents co\u00fbts:<\/p>\n<p>&#8211;<strong><em> le taxi<\/em><\/strong>: le plus pratique, le plus cher surement, mais tout de m\u00eame rentable si on est plusieurs. Compter entre 50 et 60$ (avec les p\u00e9ages et le pourboire)<\/p>\n<p>\u00a0<\/p>\n<p>&#8211; <em><strong>le m\u00e9tro<\/strong><\/em>: depuis l&rsquo;a\u00e9roport, prendre l&rsquo;airtrain (train a\u00e9rien se prenant dans tous les terminaux de l&rsquo;a\u00e9roport) jusqu&rsquo;\u00e0 la gare \u00ab\u00a0Jama\u00efca center\u00a0\u00bb. Compter dans les 5$.<br \/>\nDe l\u00e0, prendre le m\u00e9tro ligne E et rejoinre Manhattan. Pr\u00e9voir 2.5$ pour un ticket de 2h, ou directement acheter un pass m\u00e9tro (voir plus bas)<\/p>\n<p>&#8211; <em><strong>le shuttle<\/strong><\/em>: non test\u00e9, il s&rsquo;agit de sorte de taxi-bus (de couleur bleue) qui se prend \u00e0 l&rsquo;a\u00e9roport et peut te poser n&rsquo;importe o\u00f9.<\/p>\n<ul>\n<li><strong>Se balader dans New-York :<\/strong><\/li>\n<\/ul>\n<p>Pr\u00e9voir de bonnes chaussures ! Comme quand on visite une ville, on marche beaucoup.<\/p>\n<p><img loading=\"lazy\" decoding=\"async\" class=\"alignleft size-full wp-image-30\" title=\"metrocard1large_full1\" src=\"http:\/\/www.fleuf.fr\/newyork\/wp-content\/uploads\/2009\/11\/metrocard1large_full1.jpg\" alt=\"metrocard1large_full1\" width=\"152\" height=\"92\" srcset=\"https:\/\/www.fleuf.fr\/newyork\/wp-content\/uploads\/2009\/11\/metrocard1large_full1.jpg 397w, https:\/\/www.fleuf.fr\/newyork\/wp-content\/uploads\/2009\/11\/metrocard1large_full1-300x181.jpg 300w\" sizes=\"auto, (max-width: 152px) 100vw, 152px\" \/>&#8211; <strong>M\u00e9tro <\/strong>: Tr\u00e8s tr\u00e8s pratique ! Il existe des cartes de diff\u00e9rentes dur\u00e9es (3 jours &#8211; 7 jours &#8230;)<br \/>\nNous avons opt\u00e9 pour la carte pass de 7 jours \u00e0 28$, on a acc\u00e8s \u00e0 tout le r\u00e9seau m\u00e9tro + bus. Tr\u00e8s tr\u00e8s pratique, le m\u00e9tro est partout. C&rsquo;est \u00e9galement un moyen de transport assez s\u00e9curis\u00e9 dans Manhattan, on rel\u00e8ve tr\u00e8s peu de soucis (en prenant comme partout les pr\u00e9cautions n\u00e9cessaires)<\/p>\n<div id=\"attachment_181\" style=\"width: 587px\" class=\"wp-caption aligncenter\"><img loading=\"lazy\" decoding=\"async\" aria-describedby=\"caption-attachment-181\" class=\"size-large wp-image-181   \" title=\"new-york-subway-map\" src=\"http:\/\/www.fleuf.fr\/newyork\/wp-content\/uploads\/2009\/11\/new-york-subway-map-801x1024.gif\" alt=\"Carte du m\u00e9tro\" width=\"577\" height=\"737\" srcset=\"https:\/\/www.fleuf.fr\/newyork\/wp-content\/uploads\/2009\/11\/new-york-subway-map-801x1024.gif 801w, https:\/\/www.fleuf.fr\/newyork\/wp-content\/uploads\/2009\/11\/new-york-subway-map-234x300.gif 234w, https:\/\/www.fleuf.fr\/newyork\/wp-content\/uploads\/2009\/11\/new-york-subway-map.gif 960w\" sizes=\"auto, (max-width: 577px) 100vw, 577px\" \/><p id=\"caption-attachment-181\" class=\"wp-caption-text\">Carte g\u00e9n\u00e9rale du m\u00e9tro New-Yorkais<\/p><\/div>\n<p>\u00a0<\/p>\n<div id=\"attachment_183\" style=\"width: 389px\" class=\"wp-caption aligncenter\"><img loading=\"lazy\" decoding=\"async\" aria-describedby=\"caption-attachment-183\" class=\"size-full wp-image-183\" title=\"subway-centre\" src=\"http:\/\/www.fleuf.fr\/newyork\/wp-content\/uploads\/2009\/11\/subway-centre.gif\" alt=\"M\u00e9tro : Centre de New-York\" width=\"379\" height=\"518\" srcset=\"https:\/\/www.fleuf.fr\/newyork\/wp-content\/uploads\/2009\/11\/subway-centre.gif 379w, https:\/\/www.fleuf.fr\/newyork\/wp-content\/uploads\/2009\/11\/subway-centre-219x300.gif 219w\" sizes=\"auto, (max-width: 379px) 100vw, 379px\" \/><p id=\"caption-attachment-183\" class=\"wp-caption-text\">M\u00e9tro : Centre de New-York<\/p><\/div>\n<p><img loading=\"lazy\" decoding=\"async\" class=\"alignleft size-full wp-image-27\" title=\"images1\" src=\"http:\/\/www.fleuf.fr\/newyork\/wp-content\/uploads\/2009\/11\/images1.jpg\" alt=\"images1\" width=\"127\" height=\"67\" \/>&#8211; <strong>Taxi<\/strong> : il y en a partout ! Je dirai que les 2\/3 des v\u00e9hicules circulants dans la ville sont des taxis. Il suffit de se mettre au bord d&rsquo;une rue et lever le bras. Si la lumi\u00e8re au milieu de l&rsquo;enseigne \u00ab\u00a0taxi\u00a0\u00bb est allum\u00e9e, c&rsquo;est qu&rsquo;il est libre.<br \/>\nJe ne connais malheureusement pas le prix d&rsquo;une course (bon march\u00e9 \u00e0 priori) puisqu&rsquo;avec le pass m\u00e9tro nous avons pu faire tout ce que nous voulions.<\/p>\n<p><img loading=\"lazy\" decoding=\"async\" class=\"alignleft size-medium wp-image-31\" title=\"ferry\" src=\"http:\/\/www.fleuf.fr\/newyork\/wp-content\/uploads\/2009\/11\/ferry-300x187.jpg\" alt=\"ferry\" width=\"180\" height=\"112\" srcset=\"https:\/\/www.fleuf.fr\/newyork\/wp-content\/uploads\/2009\/11\/ferry-300x187.jpg 300w, https:\/\/www.fleuf.fr\/newyork\/wp-content\/uploads\/2009\/11\/ferry-1024x640.jpg 1024w, https:\/\/www.fleuf.fr\/newyork\/wp-content\/uploads\/2009\/11\/ferry.jpg 1280w\" sizes=\"auto, (max-width: 180px) 100vw, 180px\" \/>&#8211; <strong>le ferry de Staten Island<\/strong> : c&rsquo;est un bateau gratuit qui part de l&rsquo;extr\u00eame pointe de Manhattan et qui rejoint Staten Island, plus au sud. Trajet de 20 \u00e0 30 minutes, on a une superbe vue sur Manhattan et la statue de la libert\u00e9.<br \/>\n70 000 personnes \/ jour prennent ce ferry mais ils sont \u00e9normes et passent tous les 1\/4h, voir toutes les 1\/2h la nuit (24h\/24).<br \/>\nA faire au coucher de soleil, c&rsquo;est splendide !<\/p>\n","protected":false},"excerpt":{"rendered":"<p>Arriver \u00e0 l&rsquo;a\u00e9roport JFK de New-York : Il existe plusieurs possibilit\u00e9s pour rejoindre Manhattan, \u00e0 diff\u00e9rents co\u00fbts: &#8211; le taxi: le plus pratique, le plus cher surement, mais tout de m\u00eame rentable si on est plusieurs. Compter entre 50 et 60$ (avec les p\u00e9ages et le pourboire) \u00a0 &#8211; le m\u00e9tro: depuis l&rsquo;a\u00e9roport, prendre l&rsquo;airtrain [&hellip;]<\/p>\n","protected":false},"author":1,"featured_media":0,"parent":0,"menu_order":0,"comment_status":"closed","ping_status":"closed","template":"","meta":{"footnotes":""},"class_list":["post-13","page","type-page","status-publish","hentry"],"_links":{"self":[{"href":"https:\/\/www.fleuf.fr\/newyork\/index.php?rest_route=\/wp\/v2\/pages\/13","targetHints":{"allow":["GET"]}}],"collection":[{"href":"https:\/\/www.fleuf.fr\/newyork\/index.php?rest_route=\/wp\/v2\/pages"}],"about":[{"href":"https:\/\/www.fleuf.fr\/newyork\/index.php?rest_route=\/wp\/v2\/types\/page"}],"author":[{"embeddable":true,"href":"https:\/\/www.fleuf.fr\/newyork\/index.php?rest_route=\/wp\/v2\/users\/1"}],"replies":[{"embeddable":true,"href":"https:\/\/www.fleuf.fr\/newyork\/index.php?rest_route=%2Fwp%2Fv2%2Fcomments&post=13"}],"version-history":[{"count":12,"href":"https:\/\/www.fleuf.fr\/newyork\/index.php?rest_route=\/wp\/v2\/pages\/13\/revisions"}],"predecessor-version":[{"id":243,"href":"https:\/\/www.fleuf.fr\/newyork\/index.php?rest_route=\/wp\/v2\/pages\/13\/revisions\/243"}],"wp:attachment":[{"href":"https:\/\/www.fleuf.fr\/newyork\/index.php?rest_route=%2Fwp%2Fv2%2Fmedia&parent=13"}],"curies":[{"name":"wp","href":"https:\/\/api.w.org\/{rel}","templated":true}]}}