{"id":103,"date":"2009-11-15T14:53:27","date_gmt":"2009-11-15T13:53:27","guid":{"rendered":"http:\/\/www.fleuf.fr\/newyork\/?page_id=103"},"modified":"2012-07-16T07:50:21","modified_gmt":"2012-07-16T06:50:21","slug":"photos","status":"publish","type":"page","link":"https:\/\/www.fleuf.fr\/newyork\/?page_id=103","title":{"rendered":"PHOTOS"},"content":{"rendered":"<p>N&rsquo;\u00e9tant pas encore tr\u00e8s dou\u00e9e avec ce site, les photos sont pour le moment uniquement visibles sur ma<\/p>\n<h4><a href=\"http:\/\/fleuf.fr\/photos\/index.php?\/category\/74\" target=\"_blank\">galerie photos g\u00e9n\u00e9rale.<\/a><\/h4>\n","protected":false},"excerpt":{"rendered":"<p>N&rsquo;\u00e9tant pas encore tr\u00e8s dou\u00e9e avec ce site, les photos sont pour le moment uniquement visibles sur ma galerie photos g\u00e9n\u00e9rale.<\/p>\n","protected":false},"author":1,"featured_media":0,"parent":0,"menu_order":0,"comment_status":"closed","ping_status":"closed","template":"","meta":{"footnotes":""},"class_list":["post-103","page","type-page","status-publish","hentry"],"_links":{"self":[{"href":"https:\/\/www.fleuf.fr\/newyork\/index.php?rest_route=\/wp\/v2\/pages\/103","targetHints":{"allow":["GET"]}}],"collection":[{"href":"https:\/\/www.fleuf.fr\/newyork\/index.php?rest_route=\/wp\/v2\/pages"}],"about":[{"href":"https:\/\/www.fleuf.fr\/newyork\/index.php?rest_route=\/wp\/v2\/types\/page"}],"author":[{"embeddable":true,"href":"https:\/\/www.fleuf.fr\/newyork\/index.php?rest_route=\/wp\/v2\/users\/1"}],"replies":[{"embeddable":true,"href":"https:\/\/www.fleuf.fr\/newyork\/index.php?rest_route=%2Fwp%2Fv2%2Fcomments&post=103"}],"version-history":[{"count":9,"href":"https:\/\/www.fleuf.fr\/newyork\/index.php?rest_route=\/wp\/v2\/pages\/103\/revisions"}],"predecessor-version":[{"id":245,"href":"https:\/\/www.fleuf.fr\/newyork\/index.php?rest_route=\/wp\/v2\/pages\/103\/revisions\/245"}],"wp:attachment":[{"href":"https:\/\/www.fleuf.fr\/newyork\/index.php?rest_route=%2Fwp%2Fv2%2Fmedia&parent=103"}],"curies":[{"name":"wp","href":"https:\/\/api.w.org\/{rel}","templated":true}]}}