{"id":89,"date":"2009-07-31T08:54:22","date_gmt":"2009-07-31T06:54:22","guid":{"rendered":"http:\/\/www.fleuf.fr\/bolivie\/?page_id=89"},"modified":"2010-08-15T15:05:43","modified_gmt":"2010-08-15T13:05:43","slug":"check-list-des-bagages","status":"publish","type":"page","link":"https:\/\/www.fleuf.fr\/bolivie\/?page_id=89","title":{"rendered":"9\/ Check-list des bagages"},"content":{"rendered":"<h3 style=\"text-align: center;\"><img decoding=\"async\" loading=\"lazy\" class=\"alignright size-full wp-image-98\" style=\"margin: 5px;\" title=\"p1000365_bis-300x225\" src=\"http:\/\/www.fleuf.fr\/bolivie\/wp-content\/uploads\/2009\/07\/p1000365_bis-300x225.jpg\" alt=\"p1000365_bis-300x225\" width=\"240\" height=\"180\" \/>L&rsquo;EQUIPEMENT DU VOYAGEUR pour un tel voyage<\/h3>\n<p style=\"text-align: center;\">Entre chaleur de l&rsquo;\u00eele de P\u00e2ques (une vingtaine de degr\u00e9s) et les nuits froides de l&rsquo;Altiplano (jusqu&rsquo;\u00e0 -20\u00b0C?!)<\/p>\n<p><img decoding=\"async\" loading=\"lazy\" class=\"alignleft size-full wp-image-96\" title=\"bonhomme_interrogation\" src=\"http:\/\/www.fleuf.fr\/bolivie\/wp-content\/uploads\/2009\/07\/bonhomme_interrogation.gif\" alt=\"bonhomme_interrogation\" width=\"58\" height=\"119\" \/>&#8230; Alors, quoi prendre ?<\/p>\n<p style=\"TEXT-ALIGN: right\"><em>Je me suis servi entre autres du site suivant pour \u00e9tablir la liste: <a href=\"http:\/\/www.abm.fr\/pratique\/equip3.html\" target=\"_blank\">lien<\/a><\/em><\/p>\n<p style=\"text-align: left;\"><strong><span style=\"color: #800000;\">Mais avant tout, quelques r\u00e8gles:<\/span><br \/>\n<\/strong>&#8211; <strong><span style=\"color: #800000;\">R\u00e8gle n\u00b01<\/span><\/strong>: le poids, ne pas oublier que son sac on le porte assez souvent<br \/>\n&#8211; <strong><span style=\"color: #800000;\">R\u00e8gle n\u00b02<\/span><\/strong>: \u00e9viter le superflu, on a vite envie de s&rsquo;en d\u00e9barrasser et il limite les achats<br \/>\n&#8211; <strong><span style=\"color: #800000;\">R\u00e8gle n\u00b03<\/span><\/strong>: limiter les v\u00eatements ! on peut faire les lessives au fur et \u00e0 mesure, et au pire il y a toujours de quoi trouver sur place<\/p>\n<ul>\n<li>\n<div style=\"text-align: left;\"><strong>Sac \u00e0 dos principal<\/strong>:<br \/>\n&#8211; 45\/60 litres avec prot\u00e8ge sac incorpor\u00e9 en cas de pluie<br \/>\n&#8211; housse-sac transport<br \/>\n&#8211; Cadenas + c\u00e2ble<\/div>\n<\/li>\n<li>\n<div style=\"text-align: left;\"><strong>Sac \u00e0 dos annexe<\/strong>:<br \/>\n20\/30 litres<\/div>\n<\/li>\n<li>\n<div style=\"text-align: left;\"><strong>Pour ranger son argent et documents<\/strong>:<br \/>\n&#8211; ceinture<br \/>\n&#8211; pochette ceinture<\/div>\n<\/li>\n<li><strong>Habillement:<\/strong> le tout est d&rsquo;avoir pour le froid au moins 3 couches sur soi: tee-shirt isolant, polaire, veste<br \/>\n&#8211; Chaussures de rando + chaussures style \u00ab\u00a0tongs\u00a0\u00bb de marche<br \/>\n&#8211; chaussettes, slips\/cale\u00e7ons, maillot de bain, cale\u00e7ons longs (pour le grand froid), tee-shirt de nuit<br \/>\n&#8211; short\/pantacourt, pantalon convertible en short (syst\u00e8me zip),\u00a0jeans ou pantalon\u00a0\u00ab\u00a0grosse toile\u00a0\u00bb,\u00a0pantalon en \u00ab\u00a0toile l\u00e9g\u00e8re\u00a0\u00bb<br \/>\n&#8211; T-shirt sans manche, T-shirt \u00e0 manche longue (en fibre isolante,\u00a0\u00a0pour les grands froids)<br \/>\n&#8211; polaire +\u00a0pull \u00ab\u00a0classique\u00a0\u00bb<br \/>\n&#8211;\u00a0veste imperm\u00e9able coupe-vent<br \/>\n&#8211; \u00e9charpe, bandanas, casquette,\u00a0bonnet, gants<br \/>\n&#8211; lessive<\/li>\n<li><strong>Hygi\u00e8ne et sant\u00e9<br \/>\n<\/strong>&#8211; Trousse de toilette: brosse \u00e0 dents et dentifrice, savon, shampoing (en mod\u00e8le r\u00e9duit)<br \/>\n&#8211; lingettes rafra\u00eechissantes et antiseptiques<br \/>\n&#8211; serviette<br \/>\n&#8211; d\u00e9odorant<br \/>\n&#8211; rasoirs jetables, pince \u00e0 \u00e9piler (aussi utile pour les \u00e9chardes!)<br \/>\n&#8211; petit miroir, peigne, petits ciseaux<br \/>\n&#8211; trousse \u00e0 pharmacie voyage:\u00a0aspirine (\u00e0 croquer),\u00a0pansements et petit antiseptique,\u00a0mal de ventre\/vomissements\/diarrh\u00e9es,\u00a0m\u00e9docs perso<br \/>\n&#8211; r\u00e9pulsifs anti-moustiques et insectes<br \/>\n&#8211; couverture de survie<br \/>\n&#8211; cr\u00e8me solaire<br \/>\n&#8211; lunettes de soleil<br \/>\n&#8211; pastilles purification d&rsquo;eau<br \/>\n&#8211; gel d\u00e9sinfectant<\/li>\n<li><strong>Dormir et manger<br \/>\n<\/strong>&#8211; sac \u00e0 viande en soie (l\u00e9ger!): tr\u00e8s utile contre les literies douteuses, en train de nuit ou pour dormir dehors quand il fait chaud.<br \/>\n&#8211; duvet chaud \u00e0 tr\u00e8s chaud avec housse<br \/>\n&#8211; r\u00e9veil (\u00e7a peut servir)<br \/>\n&#8211; Boules Qui\u00e8s (et masque \u00ab\u00a0anti-lumi\u00e8re\u00a0\u00bb)<br \/>\n&#8211; bougie: utile lorsqu&rsquo;il n&rsquo;y a pas ou plus de lumi\u00e8re dans son h\u00f4tel ou que les piles de sa lampe son HS.<br \/>\n&#8211; petite lampe\u00a0frontale<br \/>\n&#8211; Couteau suisse<\/li>\n<li><strong>Equipements divers<br \/>\n<\/strong>&#8211;\u00a0stylos, carnet de notes<br \/>\n&#8211; enveloppes avec les adresses pour les cartes postales<br \/>\n&#8211; petit porte-monnaie avec cartes de change de la monnaie<br \/>\n&#8211; ficelle, briquet<br \/>\n&#8211; mat\u00e9riel photo (avec chargeurs et plusieurs batteries\/cartes m\u00e9moires)<br \/>\n&#8211; cl\u00e9 USB,\u00a0lecteur MP3, bouquins<br \/>\n&#8211; sacs plastiques, sacs de congel zip<\/li>\n<li><strong>Papiers, docs, argent<\/strong><br \/>\n&#8211; passeport, visas, billets d&rsquo;avion, assurances : les trucs \u00e0 ne pas oublier !<br \/>\n&#8211;\u00a0permis international<br \/>\n&#8211; copies de tous ses documents (avec envoi par mail des copies)<br \/>\n&#8211; argent<br \/>\n&#8211; guides de voyages, dictionnaire, livre \u00ab\u00a0G\u00e9pal\u00e9mo\u00a0\u00bb<br \/>\n&#8211; cadeaux: pour la visite dans le village d&rsquo;Alan<\/li>\n<\/ul>\n","protected":false},"excerpt":{"rendered":"<p>L&rsquo;EQUIPEMENT DU VOYAGEUR pour un tel voyage Entre chaleur de l&rsquo;\u00eele de P\u00e2ques (une vingtaine de degr\u00e9s) et les nuits froides de l&rsquo;Altiplano (jusqu&rsquo;\u00e0 -20\u00b0C?!) &#8230; Alors, quoi prendre ? Je me suis servi entre autres du site suivant pour \u00e9tablir la liste: lien Mais avant tout, quelques r\u00e8gles: &#8211; R\u00e8gle n\u00b01: le poids, ne [&hellip;]<\/p>\n","protected":false},"author":1,"featured_media":0,"parent":0,"menu_order":70,"comment_status":"closed","ping_status":"closed","template":"","meta":[],"_links":{"self":[{"href":"https:\/\/www.fleuf.fr\/bolivie\/index.php?rest_route=\/wp\/v2\/pages\/89"}],"collection":[{"href":"https:\/\/www.fleuf.fr\/bolivie\/index.php?rest_route=\/wp\/v2\/pages"}],"about":[{"href":"https:\/\/www.fleuf.fr\/bolivie\/index.php?rest_route=\/wp\/v2\/types\/page"}],"author":[{"embeddable":true,"href":"https:\/\/www.fleuf.fr\/bolivie\/index.php?rest_route=\/wp\/v2\/users\/1"}],"replies":[{"embeddable":true,"href":"https:\/\/www.fleuf.fr\/bolivie\/index.php?rest_route=%2Fwp%2Fv2%2Fcomments&post=89"}],"version-history":[{"count":22,"href":"https:\/\/www.fleuf.fr\/bolivie\/index.php?rest_route=\/wp\/v2\/pages\/89\/revisions"}],"predecessor-version":[{"id":489,"href":"https:\/\/www.fleuf.fr\/bolivie\/index.php?rest_route=\/wp\/v2\/pages\/89\/revisions\/489"}],"wp:attachment":[{"href":"https:\/\/www.fleuf.fr\/bolivie\/index.php?rest_route=%2Fwp%2Fv2%2Fmedia&parent=89"}],"curies":[{"name":"wp","href":"https:\/\/api.w.org\/{rel}","templated":true}]}}