{"id":500,"date":"2010-08-15T17:29:20","date_gmt":"2010-08-15T15:29:20","guid":{"rendered":"http:\/\/www.fleuf.fr\/bolivie\/?page_id=500"},"modified":"2010-08-15T17:29:20","modified_gmt":"2010-08-15T15:29:20","slug":"1-presentation-de-la-bolivie","status":"publish","type":"page","link":"https:\/\/www.fleuf.fr\/bolivie\/?page_id=500","title":{"rendered":"1\/ Pr\u00e9sentation de la Bolivie"},"content":{"rendered":"<p>Voici une petite introduction sur la Bolivie <em>(reprise du site \u201clonely planet\u201d)<\/em><\/p>\n<p><img decoding=\"async\" loading=\"lazy\" class=\"alignleft\" style=\"margin: 5px;\" title=\"carte1\" src=\"http:\/\/www.fleuf.fr\/bolivie\/wp-content\/uploads\/2009\/05\/carte1.gif\" alt=\"carte1\" width=\"135\" height=\"188\" \/><\/p>\n<ul><strong>Intitul\u00e9 officiel du pays : <\/strong>R\u00e9publique de Bolivie<br \/>\n<strong>Capitale : <\/strong>La Paz (capitale administrative) et Sucre (capitale constitutionnelle)<br \/>\n<strong>Superficie : <\/strong>1 098 580 km\u00b2<br \/>\n<strong>Population : <\/strong>9,2 millions d\u2019habitants<br \/>\n<strong>Peuples et ethnies : <\/strong>30% d\u2019Indiens Quechuas, 30% de m\u00e9tis, 25% d\u2019Indiens Aymaras, 15% d\u2019Europ\u00e9ens (principalement d\u2019ascendance espagnole)<br \/>\n<strong>Langues : <\/strong>espagnol et langues indiennes (aymara et quechua)<br \/>\n<strong>Religions : <\/strong>95% de catholiques, 5% de protestants<br \/>\n<strong>Institutions politiques : <\/strong>r\u00e9publique parlementaire<br \/>\n<strong>Pr\u00e9sident : <\/strong>Juan Evo Morales Ayma<\/ul>\n<p><img decoding=\"async\" loading=\"lazy\" class=\"alignright\" style=\"margin: 5px; border: black 2px solid;\" title=\"bolivia-map\" src=\"http:\/\/www.fleuf.fr\/bolivie\/wp-content\/uploads\/2009\/05\/bolivia-map.jpg\" alt=\"bolivia-map\" width=\"288\" height=\"280\" \/>La  Bolivie fait partie des pays pauvres tr\u00e8s endett\u00e9s et d\u00e9pend encore en  grande partie des organismes multilat\u00e9raux comme la Banque Mondiale.  Cependant, le pays a vu une dette de 120 millions de dollars effac\u00e9e par  la Banque Mondiale fin 2005, ce qui a ouvert la voie \u00e0 un nouvel \u00e9lan  \u00e9conomique.<\/p>\n<p><strong>PIB : <\/strong>39,78 milliards de $US<br \/>\n<strong>PIB\/Hab : <\/strong>4 400 $US<br \/>\n<strong>Croissance annuelle: <\/strong>4%<br \/>\n<strong>Inflation : <\/strong>12%<br \/>\n<strong>Inflation : <\/strong>8%<br \/>\n<strong>Principales activit\u00e9s : <\/strong>outre le zinc, le gaz naturel et le soja,  qui comptent parmi les principales exportations boliviennes, le pays  produit \u00e9galement du caf\u00e9, du sucre, du coton, du ma\u00efs et du bois. Les  march\u00e9s de la coca, des graines de tournesol (pour l\u2019huile) et du  chocolat biologique sont en progression.<br \/>\n<strong>Principaux partenaires : <\/strong>\u00c9tats-Unis, Br\u00e9sil<\/p>\n<h4>G\u00e9ographie<\/h4>\n<p>Nation d\u2019Am\u00e9rique du Sud coinc\u00e9e entre le P\u00e9rou, le Paraguay, l\u2019Argentine, le Br\u00e9sil et le Chili, la Bolivie a, <em>grosso modo<\/em>,  la taille de la France et de l\u2019Espagne r\u00e9unies. On distingue cinq zones  g\u00e9ographiques majeures. L\u2019Altiplano, un haut plateau dens\u00e9ment peupl\u00e9 \u00e0  3 500 m d\u2019altitude, s\u2019\u00e9tend de la fronti\u00e8re p\u00e9ruvienne, au nord du lac  Titicaca, jusqu\u2019\u00e0 la fronti\u00e8re argentine, au sud. Les vall\u00e9es au sud et \u00e0  l\u2019est de l\u2019Altiplano jouissent d\u2019un sol fertile et de bonnes conditions  climatiques. Les Yungas s\u2019intercalent entre les sommets enneig\u00e9s des  Andes et la for\u00eat amazonienne. Le Chaco, une plaine chaude, aride et  inhabit\u00e9e s\u2019\u00e9tire \u00e0 la lisi\u00e8re de l\u2019Argentine et du Paraguay. Enfin,  l\u2019alternance de mar\u00e9cages, de savane, de jungle et de brousse du bassin  de l\u2019Amazone occupe en grande partie le Nord et l\u2019Est du pays.<\/p>\n<h4>Climat<\/h4>\n<p>L\u2019extr\u00eame diversit\u00e9 g\u00e9ographique de la Bolivie va de pair avec celle  du climat. Les temp\u00e9ratures sont g\u00e9n\u00e9ralement fra\u00eeches, avec des pluies  de novembre \u00e0 mars sur tout le pays. Les villes de La Paz et de Potos\u00ed  connaissent souvent un froid tr\u00e8s rigoureux, parfois accompagn\u00e9 de  neige. D\u2019importantes inondations se produisent p\u00e9riodiquement dans  l\u2019Altiplano. La saison s\u00e8che se caract\u00e9rise par un temps agr\u00e9able, mais  le ciel d\u00e9gag\u00e9 peut annoncer des chutes brutales de temp\u00e9rature d\u00e8s la  nuit tomb\u00e9e. Le soleil et la chaleur r\u00e8gnent sur les plaines,  rafra\u00eechies de temps \u00e0 autre par de grosses averses.<\/p>\n<h4>Flore et Faune<\/h4>\n<p>Peu urbanis\u00e9e et dot\u00e9e d\u2019un cadre naturel diversifi\u00e9, la Bolivie fait  partie des pays d\u2019Am\u00e9rique du Sud les plus propices \u00e0 la pr\u00e9servation  de la faune. Elle abrite, entre autres, des ours, des jaguars,  diff\u00e9rentes esp\u00e8ces de lamas, des tapirs et des cabiais, de gros  rongeurs vivant pr\u00e8s des cours d\u2019eau. Vous aurez peut-\u00eatre la chance  d\u2019apercevoir un condor, l\u2019oiseau embl\u00e9matique des Andes, survolant les  cimes. Par contre, nous ne vous souhaitons pas de tomber nez \u00e0 nez avec  l\u2019un des alligators qui s\u2019\u00e9battent dans certaines rivi\u00e8res. Le pays  dispose d\u2019un r\u00e9seau de parcs nationaux assez bien organis\u00e9. N\u00e9anmoins  les zones habit\u00e9es empi\u00e8tent progressivement sur les plaines du bassin  de l\u2019Amazone. De m\u00eame, l\u2019agriculture associ\u00e9e \u00e0 l\u2019exploitation du bois  et des ressources mini\u00e8res devient de moins en moins compatible avec le  suivi d\u2019une politique environnementale.<\/p>\n","protected":false},"excerpt":{"rendered":"<p>Voici une petite introduction sur la Bolivie (reprise du site \u201clonely planet\u201d) Intitul\u00e9 officiel du pays : R\u00e9publique de Bolivie Capitale : La Paz (capitale administrative) et Sucre (capitale constitutionnelle) Superficie : 1 098 580 km\u00b2 Population : 9,2 millions d\u2019habitants Peuples et ethnies : 30% d\u2019Indiens Quechuas, 30% de m\u00e9tis, 25% d\u2019Indiens Aymaras, 15% [&hellip;]<\/p>\n","protected":false},"author":1,"featured_media":0,"parent":0,"menu_order":0,"comment_status":"open","ping_status":"closed","template":"","meta":[],"_links":{"self":[{"href":"https:\/\/www.fleuf.fr\/bolivie\/index.php?rest_route=\/wp\/v2\/pages\/500"}],"collection":[{"href":"https:\/\/www.fleuf.fr\/bolivie\/index.php?rest_route=\/wp\/v2\/pages"}],"about":[{"href":"https:\/\/www.fleuf.fr\/bolivie\/index.php?rest_route=\/wp\/v2\/types\/page"}],"author":[{"embeddable":true,"href":"https:\/\/www.fleuf.fr\/bolivie\/index.php?rest_route=\/wp\/v2\/users\/1"}],"replies":[{"embeddable":true,"href":"https:\/\/www.fleuf.fr\/bolivie\/index.php?rest_route=%2Fwp%2Fv2%2Fcomments&post=500"}],"version-history":[{"count":2,"href":"https:\/\/www.fleuf.fr\/bolivie\/index.php?rest_route=\/wp\/v2\/pages\/500\/revisions"}],"predecessor-version":[{"id":502,"href":"https:\/\/www.fleuf.fr\/bolivie\/index.php?rest_route=\/wp\/v2\/pages\/500\/revisions\/502"}],"wp:attachment":[{"href":"https:\/\/www.fleuf.fr\/bolivie\/index.php?rest_route=%2Fwp%2Fv2%2Fmedia&parent=500"}],"curies":[{"name":"wp","href":"https:\/\/api.w.org\/{rel}","templated":true}]}}