{"id":469,"date":"2010-08-15T14:55:54","date_gmt":"2010-08-15T12:55:54","guid":{"rendered":"http:\/\/www.fleuf.fr\/bolivie\/?page_id=469"},"modified":"2010-08-15T15:04:27","modified_gmt":"2010-08-15T13:04:27","slug":"potosi-ville-dargent","status":"publish","type":"page","link":"https:\/\/www.fleuf.fr\/bolivie\/?page_id=469","title":{"rendered":"3\/ Potosi, ville d&rsquo;argent"},"content":{"rendered":"<p style=\"TEXT-ALIGN: center\"><img decoding=\"async\" loading=\"lazy\" class=\"aligncenter\" title=\"img_9917\" src=\"http:\/\/www.fleuf.fr\/bolivie\/wp-content\/uploads\/2009\/08\/img_9917.jpg\" alt=\"img_9917\" width=\"448\" height=\"299\" \/><\/p>\n<p style=\"TEXT-ALIGN: left\">Ville miniere d  argent principalement. Voici le \u201cCerro Rico\u201d, la montagne riche, ou des  millions de mineurs ont trouve la mort surtout au temps de la conquete  espagnole. Des mineurs continuent a exploiter des filons aux comptes de  cooperatives. Ils travaillent au minimum 8h par jour du lundi au samedi  dans une ambiance obscure, humide, poussiereuse. Tout ca pour 4 a  20\u20ac\/jour suivant leur fonction dans la mine.<br \/>\nDans les mines, l\u2019esperance de vie est de 30ans et bien qu\u2019il y ai une  retraite au bout de ce temps l\u00e0, tres peu en beneficient car tres peu y  arrivent.<br \/>\nEn 2008, 38 mineurs ont trouv\u00e9 la mort (sans compter ceux qui meurent de maladie)<\/p>\n<p>On l a visit\u00e9, c\u2019est super impressionant.<br \/>\nLa visite commence par un tour dans le march\u00e9 ou on achete coca, sodas et dynamite qu\u2019on offrira aux mineurs qu\u2019on va croiser.<br \/>\nLes mineurs travaillent au sein d&rsquo;une coop\u00e9rative, c&rsquo;est \u00e0 eux d&rsquo;acheter leur propre mat\u00e9riel.<\/p>\n<p style=\"TEXT-ALIGN: left\">Ensuite il y a  le c\u00f4t\u00e9 \u00ab\u00a0touristique\u00a0\u00bb: demonstration d explosion de dynamite, et c\u2019est  vrai que le \u201cBOOM\u201d produit par la detonation remonte jusqu au  entrailles, et la demo etait a ciel ouvert, on imagine pas ce que ca  peut donner dans la montagne.<\/p>\n<div id=\"attachment_179\" style=\"width: 346px;\"><img decoding=\"async\" loading=\"lazy\" class=\"alignleft\" title=\"p1030572\" src=\"http:\/\/www.fleuf.fr\/bolivie\/wp-content\/uploads\/2009\/08\/p1030572.jpg\" alt=\"La bombe !!\" width=\"336\" height=\"448\" \/><br \/>\nD\u00e9monstration d&rsquo;explosif<\/div>\n<p>Ces mines sont impressionantes, car en entrant a\u00a0 l\u2019interieur on se  rend rapidement compte du danger omnipresent pour les mineurs et  egalement pour nous meme (combien de fois on s\u2019est pris une poutre sur  notre casque !).<\/p>\n<p><img decoding=\"async\" loading=\"lazy\" class=\"alignleft\" style=\"margin: 5px;\" title=\"p1030587\" src=\"http:\/\/www.fleuf.fr\/bolivie\/wp-content\/uploads\/2009\/08\/p1030587.jpg\" alt=\"Tio\" width=\"336\" height=\"448\" \/>Les  mineurs venerent un dieu qu\u2019ils appellent \u201cTio\u201d (oncle) et represente  une entite qui n\u2019est ni un dieu, ni le diable. Pourtant, il est  represente avec des cornes, boit de l\u2019alcool, fait la fete avec\u00a0 les  mineurs, alors quelle est la difference ? Tio n\u2019est pas un dieu car les  mineurs lui font des sacrifices \u201cmorts\u201d en decapitant la tete d\u2019un lama  et en versant son sang tout autour de l\u2019entree de la mine pour porter  chance. Tio n\u2019est pas un diable car les mineurs\u00a0lui\u00a0aussi des\u00a0sacrifices  \u201cvivants\u201d (chants, danses\u2026)<\/p>\n<p>Sur l\u2019echelle entre le diable et dieu, il doit \u00eatre au milieu on suppose\u2026<\/p>\n<p>Tio est fait d\u2019argile, a des cornes, boit, fume des cigarettes, mache  de la coca (il a meme des restes de serpentins du carnaval !)\u00a0et le  tout pour porter chance aux mineurs, il faut \u00eatre sympa avec lui!<\/p>\n<div id=\"attachment_185\" style=\"width: 346px;\"><img decoding=\"async\" loading=\"lazy\" title=\"p1030597\" src=\"http:\/\/www.fleuf.fr\/bolivie\/wp-content\/uploads\/2009\/08\/p1030597.jpg\" alt=\"Des mineurs en plein travail\" width=\"336\" height=\"448\" \/> Des mineurs en plein travail<\/div>\n<p>Les touristes (tels que nous) sont acceptes dans les mineurs car ils  veulent que l\u2019on voit leur realite et leur vie difficile. De plus nous  arrivons avec des presents tels que de la coca (ils en consomment  jusqu\u2019a 50g par jour pour oublier la faim, la fatigue), \u00a0soda, alcool  (96 degres tout de meme), dynamite, ce qu\u2019ils leur permet de continuer  moins difficilement leur recherche d\u2019argent. Mais c\u2019est vrai que  quelques mots echanges avec eux font oublier tous nos tracas de boulot  en France&#8230;<\/p>\n","protected":false},"excerpt":{"rendered":"<p>Ville miniere d argent principalement. Voici le \u201cCerro Rico\u201d, la montagne riche, ou des millions de mineurs ont trouve la mort surtout au temps de la conquete espagnole. Des mineurs continuent a exploiter des filons aux comptes de cooperatives. Ils travaillent au minimum 8h par jour du lundi au samedi dans une ambiance obscure, humide, [&hellip;]<\/p>\n","protected":false},"author":1,"featured_media":0,"parent":0,"menu_order":0,"comment_status":"open","ping_status":"closed","template":"","meta":[],"_links":{"self":[{"href":"https:\/\/www.fleuf.fr\/bolivie\/index.php?rest_route=\/wp\/v2\/pages\/469"}],"collection":[{"href":"https:\/\/www.fleuf.fr\/bolivie\/index.php?rest_route=\/wp\/v2\/pages"}],"about":[{"href":"https:\/\/www.fleuf.fr\/bolivie\/index.php?rest_route=\/wp\/v2\/types\/page"}],"author":[{"embeddable":true,"href":"https:\/\/www.fleuf.fr\/bolivie\/index.php?rest_route=\/wp\/v2\/users\/1"}],"replies":[{"embeddable":true,"href":"https:\/\/www.fleuf.fr\/bolivie\/index.php?rest_route=%2Fwp%2Fv2%2Fcomments&post=469"}],"version-history":[{"count":4,"href":"https:\/\/www.fleuf.fr\/bolivie\/index.php?rest_route=\/wp\/v2\/pages\/469\/revisions"}],"predecessor-version":[{"id":484,"href":"https:\/\/www.fleuf.fr\/bolivie\/index.php?rest_route=\/wp\/v2\/pages\/469\/revisions\/484"}],"wp:attachment":[{"href":"https:\/\/www.fleuf.fr\/bolivie\/index.php?rest_route=%2Fwp%2Fv2%2Fmedia&parent=469"}],"curies":[{"name":"wp","href":"https:\/\/api.w.org\/{rel}","templated":true}]}}