{"id":429,"date":"2009-09-20T16:05:25","date_gmt":"2009-09-20T14:05:25","guid":{"rendered":"http:\/\/www.fleuf.fr\/bolivie\/?page_id=429"},"modified":"2010-08-15T15:04:49","modified_gmt":"2010-08-15T13:04:49","slug":"photos-du-chili","status":"publish","type":"page","link":"https:\/\/www.fleuf.fr\/bolivie\/?page_id=429","title":{"rendered":"6\/ PHOTOS DU CHILI !!"},"content":{"rendered":"<p><strong><span style=\"color: #ff0000;\">J\u2019aime pas les bugs\u2026<\/span><\/strong><\/p>\n<p><strong><span style=\"color: #ff0000;\">Si vous n\u2019avez pas Internet Explorer, les photos sont en bas de page !<\/span><\/strong><\/p>\n<h3><span style=\"color: #800000;\"><strong><strong>San Pedro de Atacama :<\/strong><\/strong><\/span><\/h3>\n<p><span style=\"color: #800000;\"><span style=\"color: #000000;\">Vall\u00e9e de la lune, vall\u00e9e de la mort, sand-surf, observation des \u00e9toiles&#8230;<\/span><strong><strong><br \/>\n<\/strong><\/strong><span style=\"color: #000000;\">[nggallery id=12]<\/span><\/span><\/p>\n<h3><span style=\"color: #800000;\">Valparaiso :<\/span><\/h3>\n<p><span style=\"color: #800000;\"><span style=\"color: #000000;\">A une centaine de kms au nord de Santiago, une ville toute en couleurs<br \/>\n[nggallery id=13]<br \/>\n<\/span><\/span><\/p>\n<p><span style=\"color: #800000;\"><span style=\"color: #000000;\"><br \/>\n<\/span><\/span><\/p>\n<p><strong><span style=\"color: #ff0000;\"><br \/>\n<\/span><\/strong><\/p>\n","protected":false},"excerpt":{"rendered":"<p>J\u2019aime pas les bugs\u2026 Si vous n\u2019avez pas Internet Explorer, les photos sont en bas de page ! San Pedro de Atacama : Vall\u00e9e de la lune, vall\u00e9e de la mort, sand-surf, observation des \u00e9toiles&#8230; [nggallery id=12] Valparaiso : A une centaine de kms au nord de Santiago, une ville toute en couleurs [nggallery id=13]<\/p>\n","protected":false},"author":1,"featured_media":0,"parent":0,"menu_order":0,"comment_status":"open","ping_status":"open","template":"","meta":[],"_links":{"self":[{"href":"https:\/\/www.fleuf.fr\/bolivie\/index.php?rest_route=\/wp\/v2\/pages\/429"}],"collection":[{"href":"https:\/\/www.fleuf.fr\/bolivie\/index.php?rest_route=\/wp\/v2\/pages"}],"about":[{"href":"https:\/\/www.fleuf.fr\/bolivie\/index.php?rest_route=\/wp\/v2\/types\/page"}],"author":[{"embeddable":true,"href":"https:\/\/www.fleuf.fr\/bolivie\/index.php?rest_route=\/wp\/v2\/users\/1"}],"replies":[{"embeddable":true,"href":"https:\/\/www.fleuf.fr\/bolivie\/index.php?rest_route=%2Fwp%2Fv2%2Fcomments&post=429"}],"version-history":[{"count":6,"href":"https:\/\/www.fleuf.fr\/bolivie\/index.php?rest_route=\/wp\/v2\/pages\/429\/revisions"}],"predecessor-version":[{"id":487,"href":"https:\/\/www.fleuf.fr\/bolivie\/index.php?rest_route=\/wp\/v2\/pages\/429\/revisions\/487"}],"wp:attachment":[{"href":"https:\/\/www.fleuf.fr\/bolivie\/index.php?rest_route=%2Fwp%2Fv2%2Fmedia&parent=429"}],"curies":[{"name":"wp","href":"https:\/\/api.w.org\/{rel}","templated":true}]}}