{"id":408,"date":"2009-09-15T12:09:38","date_gmt":"2009-09-15T10:09:38","guid":{"rendered":"http:\/\/www.fleuf.fr\/bolivie\/?page_id=408"},"modified":"2010-08-15T15:04:32","modified_gmt":"2010-08-15T13:04:32","slug":"sud-lipez-et-salar-duyuni","status":"publish","type":"page","link":"https:\/\/www.fleuf.fr\/bolivie\/?page_id=408","title":{"rendered":"4\/ Sud Lipez et salar d&rsquo;Uyuni"},"content":{"rendered":"<p>La Bolivie recelle de coins et de paysages diff\u00e9rents, tels que le lac Titicaca, l\u2019Amazonie au nord du pays, ou l\u2019Altiplano.<\/p>\n<p>Mais que serait un voyage en Bolivie sans la d\u00e9couverte de son salar  (la plus grande \u00e9tendue de sel au monde) et de la r\u00e9gion du Lipez au sud  du pays?<\/p>\n<p style=\"TEXT-ALIGN: center\"><img decoding=\"async\" loading=\"lazy\" class=\"size-full wp-image-455 aligncenter\" title=\"3916954406_58ff5af7af\" src=\"http:\/\/www.fleuf.fr\/accueil\/wp-content\/uploads\/2010\/05\/3916954406_58ff5af7af.jpg\" alt=\"3916954406_58ff5af7af\" width=\"500\" height=\"331\" \/><\/p>\n<p style=\"text-align: center;\"><img decoding=\"async\" loading=\"lazy\" class=\"aligncenter size-large wp-image-461\" title=\"Dessin1\" src=\"http:\/\/www.fleuf.fr\/accueil\/wp-content\/uploads\/2010\/05\/Dessin11-1024x266.jpg\" alt=\"Dessin1\" width=\"655\" height=\"170\" \/><\/p>\n<p>Cette r\u00e9gion peut se d\u00e9couvrir \u00e0 pieds avec l\u2019ascension de plusieurs  volcans culminants parfois \u00e0 plus de 6000m, \u00e0 v\u00e9lo (on en a crois\u00e9  plusieurs), mais la fa\u00e7on la plus courante reste une excursion de  quelques jours en 4\u00d74, avec guide\/chauffeur et souvent cuisinier\/ni\u00e8re.  C\u2019est l\u2019option que nous avons choisi.<\/p>\n<p><strong><span style=\"color: #800000;\">3 points de d\u00e9part sont possibles:<br \/>\n<\/span><\/strong><br \/>\n&#8211; <strong>Uyuni<\/strong>: c\u2019est le plus courant. L\u2019excursion classique\u00a0dure  g\u00e9n\u00e9ralement 3 jours\/2 nuits. Tout plein d\u2019agences proposent ce tour,  pour moins de 1000Bs\/pers. Les 4\u00d74 sont souvent de 6 personnes.<br \/>\nOn commence par le Salar et on finit par les lagunes. Retour direct \u00e0  Uyuni, ou transfert possible vers le Chili (\u00e0 n\u00e9gocier avant le d\u00e9part!)<\/p>\n<p>&#8211; <strong>Tupiza:<\/strong> en remontant vers Uyuni. Le tour dure 4 jours (une  journ\u00e9e suppl\u00e9mentaire dans le sud Lipez) et on fait les excursions \u00e0  l\u2019envers par rapport aux agences d\u2019Uyuni:\u00a0paysages du Sud Lipez,  lagunes, puis salar le dernier jour.<br \/>\nBeaucoup moins classique (pour le moment), moins de touristes. Il y a de  plus en plus d\u2019agence s\u2019installant \u00e0 Tupiza, la plus grande \u00e9tant  incontestablement \u201cTupiza Tour\u201d, mais je recommanderai \u201cel Grano de  Oro\u201d. Un jour de plus donc plus cher, environ 1250Bs\/personne sur une  base de 4 personnes (moins cher sur une base de 5 personnes).<\/p>\n<p>&#8211; <strong>San Pedro de Atacama au Chili<\/strong>: en remontant vers Uyuni. Je ne connais pas les prix mais il y a pas mal d\u2019agences \u00e0 San Pedro.<br \/>\nPar contre les agences sous-traitent g\u00e9n\u00e9ralement avec les agences  boliviennes. On vous emm\u00e8ne \u00e0 la fronti\u00e8re, puis des 4\u00d74 boliviens  viennent prendre le relais.<\/p>\n<p>Concernant le nombre de personnes, moins on est de personne dans le  4\u00d74, plus c\u2019est cher. On part g\u00e9n\u00e9ralement \u00e0 partir de 4 personnes  (sinon c\u2019est consid\u00e9r\u00e9 comme un tour priv\u00e9), possibilit\u00e9 d\u2019\u00eatre 5 ou 6  (voir 7 dans certaines agences depuis Uyuni).<br \/>\nPersonnellement nous avons opt\u00e9 pour \u00eatre 4 car on y gagne grandement en  confort, et je vous promet que pour 3 ou 4 jours, c\u2019est important !<\/p>\n<p><strong> <\/strong><\/p>\n<p><img decoding=\"async\" loading=\"lazy\" class=\"alignleft\" style=\"margin: 5px;\" title=\"mapa_uyuni2\" src=\"http:\/\/www.fleuf.fr\/bolivie\/wp-content\/uploads\/2009\/09\/mapa_uyuni2.jpg\" alt=\"mapa_uyuni2\" width=\"410\" height=\"568\" \/><\/p>\n<p><span style=\"color: #800000;\"><strong>Les prestations :<\/strong><br \/>\n<\/span>Une fois le tour pay\u00e9, il n\u2019y aura pratiquement plus rien \u00e0 payer !<br \/>\n<span style=\"text-decoration: underline;\">G\u00e9n\u00e9ralement est inclus:<\/span><br \/>\n&#8211; tous les repas, eau comprise<br \/>\n&#8211; l\u2019h\u00e9bergement basique<br \/>\n&#8211; les entr\u00e9es dans les parcs nationaux<\/p>\n<p>Les seuls trucs \u00e0 rajouter sont les toilettes payants \u00e0 certains  endroits (sinon les toilettes, c\u2019est partout autour du 4\u00d74 quand on  s\u2019arr\u00eate!), une \u00e9ventuelle visite au site \u201cGalaxia\u201d \u00e0 10Bs (1\u20ac), la  douche chaude \u00e0 5Bs dans le seul h\u00e9bergement poss\u00e9dant une douche, les  \u00e9ventuelles autres excursions\u2026<\/p>\n<p><em>A suivre tr\u00e8s vite: des images pour illustrer chaque lieu !<\/em><\/p>\n<p><strong><span style=\"color: #800000;\">Notre recommandation<\/span><\/strong> : personnellement nous recommandons le tour depuis Tupiza. Forc\u00e9ment, c\u2019est de l\u00e0 que nous l\u2019avons fait !<br \/>\nNous n\u2019avons pas rencontr\u00e9 de monde l\u2019ayant fait depuis San Pedro mais  depuis Uyuni et en partageant nos infos voil\u00e0 ce que nous en retenons:<\/p>\n<p>&#8211; partir de Tupiza permet d\u2019avoir un jour de plus dans cette  magnifique r\u00e9gion. Une journ\u00e9e \u00e0 parcourir le Sud Lipez, \u00e0 la rencontre  des lamas, vigognes, lagunes et volcans.<\/p>\n<p>&#8211; nous avons tr\u00e8s souvent \u00e9t\u00e9 seuls aux endroits o\u00f9 nous nous sommes arr\u00eat\u00e9s. Surtout que nous ne suivions aucun autre 4\u00d74.<\/p>\n<p>&#8211; nous avons crois\u00e9 une queue-leu-leu de voitures devant d\u2019Uyuni et s\u2019arr\u00eatant toutes en m\u00eames temps.<\/p>\n<p>&#8211; nous avons fait les bains d\u2019eau chaude \u00e0 11h du matin, et c\u2019est  d\u00e9j\u00e0 plus facile de se mettre en maillot de bains qu\u2019\u00e0 7h ou \u00e0 8h, quand  on le fait avec les agences d\u2019Uyuni.<\/p>\n<p>&#8211; coup de pas de bol je pense: nous avons crois\u00e9 des gens ayant fait  la laguna verde \u00e0 8h le matin, elle \u00e9tait toute noire (souvent le cas  quand il n\u2019y a pas un soufle de vent). Nous l\u2019avons fait la veille \u00e0  midi, c\u2019\u00e9tait magique. Je ne sais pas s\u2019il\u00a0 y a une question d\u2019horaire  ou non\u2026<\/p>\n<p>&#8211; En partant de Tupiza, on termine par le salar et on y fait le lever de soleil le dernier jour. G\u00e9nial !<\/p>\n<p><strong><span style=\"color: #800000;\">Article int\u00e9ressant sur l&rsquo;exploitation du lithium du salar :<\/span><\/strong><\/p>\n<p><span style=\"color: #800000;\"><em><span style=\"color: #000000;\"><a href=\"http:\/\/www.lemonde.fr\/planete\/article\/2010\/07\/07\/sur-l-altiplano-les-boliviens-placent-leurs-espoirs-dans-l-exploitation-du-lithium_1384847_3244.html\"><span style=\"text-decoration: underline;\">Source:<\/span> LeMonde<\/a><\/span><\/em><\/span><\/p>\n<div>\n<div style=\"width: 512px;\">\n<div><img decoding=\"async\" style=\"border: 0px;\" src=\"http:\/\/s1.lemde.fr\/image\/2010\/07\/07\/512x256\/1384887_3_2c58_sur-le-salar-d-uyuni-les-ouvriers-boliviens.jpg\" border=\"0\" alt=\"Sur le salar d'Uyuni, les ouvriers boliviens d\u00e9coupent la cro\u00fbte de sel pour pr\u00e9lever des \u00e9chantillons de lithium et pr\u00e9parer sa future exploitation \u00e0 grande \u00e9chelle.\" \/><\/div>\n<\/div>\n<\/div>\n<p><!--\/tpl:atome\/illustration\/tpl-bloc_contenu.html.php--><\/p>\n<p style=\"text-align: center;\"><em> Sur  le salar d&rsquo;Uyuni, les ouvriers boliviens d\u00e9coupent la cro\u00fbte de sel pour  pr\u00e9lever des \u00e9chantillons de lithium et pr\u00e9parer sa future exploitation  \u00e0 grande \u00e9chelle. | AFP\/AIZAR RALDES<\/em><\/p>\n<p><span>L<\/span>e lithium est la grande affaire du second mandat du pr\u00e9sident bolivien <a href=\"http:\/\/www.fleuf.fr\/sujet\/ac95\/evo-morales.html\">Evo Morales<\/a>.  L&rsquo;exploitation de ce m\u00e9tal mou, utilis\u00e9 pour fabriquer des batteries  \u00e9lectriques, devait procurer \u00e0 l&rsquo;Etat un b\u00e9n\u00e9fice \u00e9quivalent \u00e0 celui  obtenu avec la nationalisation des hydrocarbures, le 1<sup>er<\/sup> mai  2006. Le prix de la tonne de carbonate de lithium a d\u00e9cupl\u00e9 en huit ans  et presque doubl\u00e9 depuis 2006. Son industrialisation est un projet  strat\u00e9gique pour <a href=\"http:\/\/www.fleuf.fr\/sujet\/ac95\/evo-morales.html\">Evo Morales<\/a>, mais La Paz peine \u00e0 effectuer les arbitrages entre les partenaires \u00e9trangers pressentis.<\/p>\n<p>A La Paz, le 28 avril, le groupe fran\u00e7ais Bollor\u00e9 avait exprim\u00e9 son  impatience devant le retard pris par l&rsquo;industrialisation. Pour s\u00e9curiser  l&rsquo;approvisionnement en batteries au lithium de sa voiture \u00e9lectrique la  BlueCar, le milliardaire fran\u00e7ais s&rsquo;est associ\u00e9 \u00e0 Eramet, le groupe  minier qui exploite le nickel de Nouvelle-Cal\u00e9donie et le mangan\u00e8se du  Gabon.<\/p>\n<p>Fin janvier, la Bolivie a annonc\u00e9 qu&rsquo;elle poss\u00e8de au <a href=\"http:\/\/www.fleuf.fr\/sujet\/cb73\/salar-d-uyuni.html\">Salar d&rsquo;Uyuni<\/a>,  un d\u00e9sert de sel au sud-ouest du pays, un gisement de lithium trois  fois plus important que celui exploit\u00e9 par le Chili, dans le d\u00e9sert  d&rsquo;Atacama. Les Boliviens d\u00e9tiendraient ainsi la moiti\u00e9 des r\u00e9serves  mondiales, mais elles ne sont pas certifi\u00e9es.<\/p>\n<p>Situ\u00e9e \u00e0 proximit\u00e9 du Salar, l&rsquo;usine pilote est situ\u00e9e dans un paysage aride, <em>\u00ab\u00a0l\u00e0 o\u00f9 le diable a perdu son poncho \u00ab\u00a0<\/em>, disent les Boliviens. La premi\u00e8re pierre avait \u00e9t\u00e9 pos\u00e9e solennellement par M. Morales, en mai 2008. <em>\u00ab\u00a0Mais les premiers fonds ont \u00e9t\u00e9 d\u00e9bloqu\u00e9s seulement en octobre 2008 \u00ab\u00a0<\/em>, d\u00e9plore <a href=\"http:\/\/www.fleuf.fr\/sujet\/af54\/marcelo-castro.html\">Marcelo Castro<\/a>,  responsable de l&rsquo;usine pilote. Fin 2009, la construction avait co\u00fbt\u00e9 3  millions de dollars, sur les 8 millions d&rsquo;investissement initial.<\/p>\n<p>Le personnel est insuffisant, admet M. Castro, qui passe ses journ\u00e9es  \u00e0 expliquer le projet aux populations de la r\u00e9gion. Visiblement ext\u00e9nu\u00e9  le soir, il ne s&rsquo;en plaint pas, car <em>\u00ab\u00a0le lithium est une chance unique pour le d\u00e9veloppement durable de la Bolivie\u00a0\u00bb.<\/em><\/p>\n<p>M\u00e9fiant \u00e0 l&rsquo;\u00e9gard des convoitises que suscite le m\u00e9tal mou, il  n&rsquo;oublie pas la longue histoire de saccages dont ont \u00e9t\u00e9 victimes les  Boliviens depuis l&rsquo;\u00e9poque coloniale. Il croit que l&rsquo;entreprise mini\u00e8re  d&rsquo;Etat, la Comibol, devrait garder la ma\u00eetrise de l&rsquo;industrialisation du  lithium, de la fabrication de batteries \u00e0 l&rsquo;assemblage des voitures  \u00e9lectriques qui les utilisent.<\/p>\n<p><strong>UN BIENFAIT POUR LES PAYSANS PAUVRES ?<br \/>\n<\/strong><\/p>\n<p>Au si\u00e8ge de la F\u00e9d\u00e9ration des paysans, le secr\u00e9taire g\u00e9n\u00e9ral, <a href=\"http:\/\/www.fleuf.fr\/sujet\/204a\/santiago-miranda.html\">Santiago Miranda<\/a>, partage la m\u00eame position nationaliste. <em>\u00ab\u00a0Cette ressource naturelle doit \u00eatre exploit\u00e9e par une entreprise d&rsquo;Etat, 100 % bolivienne\u00a0\u00bb<\/em>,  affirme-t-il. Dans la petite pi\u00e8ce d&rsquo;\u00e0 c\u00f4t\u00e9, la radio de la f\u00e9d\u00e9ration,  qui \u00e9met en ondes courtes sur tout le sud de l&rsquo;Altiplano, haut plateau  au c\u0153ur de la cordill\u00e8re des Andes, vante les bienfaits qu&rsquo;apportera le  lithium aux communaut\u00e9s indiennes vivant de la production de quinoa et  de l&rsquo;\u00e9levage de lamas.<\/p>\n<p>D&rsquo;autres syndicalistes ont une opinion diff\u00e9rente. <em>\u00ab\u00a0La Bolivie manque de professionnels qualifi\u00e9s\u00a0\u00bb<\/em>, estime <a href=\"http:\/\/www.fleuf.fr\/sujet\/1f99\/miguel-angel.html\">Miguel Angel<\/a> <a href=\"http:\/\/www.fleuf.fr\/sujet\/76f5\/laura-alvarez.html\">Laura Alvarez<\/a>, dirigeant de la f\u00e9d\u00e9ration des enseignants ruraux. <em>\u00ab\u00a0Nous avons besoin du soutien d&rsquo;entreprises \u00e9trang\u00e8res\u00a0\u00bb<\/em>, dit-il.<\/p>\n<p>Dans le minuscule centre-ville d&rsquo;Uyuni, le Comit\u00e9 de vigilance  regroupe des organisations sociales qui pr\u00eatent assistance \u00e0 la  population. Porfirio Garabito, le responsable, est m\u00e9content. <em>\u00ab\u00a0L&rsquo;usine pilote n&rsquo;a pas embauch\u00e9 des gens d&rsquo;Uyuni, nous avons \u00e9t\u00e9 marginalis\u00e9s\u00a0\u00bb<\/em>, assure-t-il. Il pense, lui aussi, que la participation de compagnies \u00e9trang\u00e8res est la bienvenue.<\/p>\n<p><a href=\"http:\/\/www.fleuf.fr\/sujet\/1dd0\/oscar-mamani.html\">Oscar Mamani<\/a>, producteur de quinoa, est m\u00e9fiant \u00e0 l&rsquo;\u00e9gard de l&rsquo;entreprise publique Comibol, entach\u00e9e \u00e0 ses yeux par <em>\u00ab\u00a0la politisation, l&rsquo;incomp\u00e9tence et la corruption\u00a0\u00bb<\/em>.  Il s&rsquo;inqui\u00e8te \u00e9galement de la r\u00e9partition injuste des royalties : le  d\u00e9partement de Potosi en toucherait 85 %, contre 15 % seulement pour la  municipalit\u00e9.<\/p>\n<p><strong>UNE MERVEILLE DE LA NATURE EN DANGER ?<br \/>\n<\/strong><\/p>\n<p>Uyuni est une agglom\u00e9ration de 25 000 habitants, vivant du tourisme.  Le d\u00e9sert de sel, une merveille de la nature, attire 75 000 visiteurs  par an, en provenance d&rsquo;Europe et d&rsquo;Am\u00e9rique du Sud. Ancien centre  ferroviaire proche de la fronti\u00e8re chilienne, la ville exploite mal les  vestiges de son activit\u00e9 pass\u00e9e, comme le cimeti\u00e8re de locomotives et  wagons.<br \/>\nL&rsquo;infrastructure routi\u00e8re et h\u00f4teli\u00e8re reste rudimentaire, capable de  satisfaire tout juste des touristes peu exigeants et peu d\u00e9pensiers. Une  partie des 78 agences de tourisme couvre en fait le trafic de drogues  ou la contrebande. D&rsquo;o\u00f9 l&rsquo;immense attente suscit\u00e9e par le lithium, mais  aussi les inqui\u00e9tudes pour l&rsquo;environnement.<\/p>\n<p>Maire d&rsquo;Uyuni, po\u00e8te et folkloriste \u00e0 ses heures, <a href=\"http:\/\/www.fleuf.fr\/sujet\/f270\/vidal-lopez.html\">Vidal Lopez<\/a> P\u00e9rez se range parmi les optimistes. <em>\u00ab\u00a0Les  piscines install\u00e9es sur le Salar pour extraire la saumure occuperont  une partie infime de ses 10 000 kilom\u00e8tres carr\u00e9s, je ne pense pas que  le paysage en sera affect\u00e9 durablement\u00a0\u00bb<\/em>, dit-il. Toutefois, le  gouvernement devrait informer et consulter la population et les  autorit\u00e9s locales, ce qu&rsquo;il ne fait pas, ajoute le maire.<\/p>\n<p><em>\u00ab\u00a0Le lithium pourrait modifier la matrice \u00e9nerg\u00e9tique des v\u00e9hicules, <\/em>explique <a href=\"http:\/\/www.fleuf.fr\/sujet\/c80e\/freddy-beltran.html\">Freddy Beltran<\/a>, au minist\u00e8re des mines, \u00e0 La Paz.<em> Nous contribuerions ainsi \u00e0 r\u00e9duire le r\u00e9chauffement climatique.\u00a0\u00bb<\/em> Le co\u00fbt du projet d&rsquo;exploitation et d&rsquo;industrialisation s&rsquo;\u00e9l\u00e8ve \u00e0 pr\u00e8s  de 400 millions d&rsquo;euros, auxquels il faut ajouter une somme \u00e9quivalente  pour les infrastructures requises. Sur ce contrat, les Fran\u00e7ais sont en  concurrence avec la Cor\u00e9e, la Chine, le Br\u00e9sil et l&rsquo;Iran.<\/p>\n<div>\n<div><strong>Paulo A. Paranagua<\/strong><\/div>\n<\/div>\n","protected":false},"excerpt":{"rendered":"<p>La Bolivie recelle de coins et de paysages diff\u00e9rents, tels que le lac Titicaca, l\u2019Amazonie au nord du pays, ou l\u2019Altiplano. Mais que serait un voyage en Bolivie sans la d\u00e9couverte de son salar (la plus grande \u00e9tendue de sel au monde) et de la r\u00e9gion du Lipez au sud du pays? Cette r\u00e9gion peut [&hellip;]<\/p>\n","protected":false},"author":1,"featured_media":0,"parent":0,"menu_order":0,"comment_status":"open","ping_status":"open","template":"","meta":[],"_links":{"self":[{"href":"https:\/\/www.fleuf.fr\/bolivie\/index.php?rest_route=\/wp\/v2\/pages\/408"}],"collection":[{"href":"https:\/\/www.fleuf.fr\/bolivie\/index.php?rest_route=\/wp\/v2\/pages"}],"about":[{"href":"https:\/\/www.fleuf.fr\/bolivie\/index.php?rest_route=\/wp\/v2\/types\/page"}],"author":[{"embeddable":true,"href":"https:\/\/www.fleuf.fr\/bolivie\/index.php?rest_route=\/wp\/v2\/users\/1"}],"replies":[{"embeddable":true,"href":"https:\/\/www.fleuf.fr\/bolivie\/index.php?rest_route=%2Fwp%2Fv2%2Fcomments&post=408"}],"version-history":[{"count":18,"href":"https:\/\/www.fleuf.fr\/bolivie\/index.php?rest_route=\/wp\/v2\/pages\/408\/revisions"}],"predecessor-version":[{"id":485,"href":"https:\/\/www.fleuf.fr\/bolivie\/index.php?rest_route=\/wp\/v2\/pages\/408\/revisions\/485"}],"wp:attachment":[{"href":"https:\/\/www.fleuf.fr\/bolivie\/index.php?rest_route=%2Fwp%2Fv2%2Fmedia&parent=408"}],"curies":[{"name":"wp","href":"https:\/\/api.w.org\/{rel}","templated":true}]}}